{"id":22759,"date":"2024-12-26T16:09:31","date_gmt":"2024-12-26T16:09:31","guid":{"rendered":"https:\/\/gritwood.mx\/?page_id=22759"},"modified":"2025-10-07T14:42:25","modified_gmt":"2025-10-07T20:42:25","slug":"hector-anaya-mondragon","status":"publish","type":"page","link":"https:\/\/gritwood.mx\/en\/hector-anaya-mondragon\/","title":{"rendered":"Gritwood: H\u00e9ctor Anaya Mondrag\u00f3n"},"content":{"rendered":"<div data-elementor-type=\"wp-page\" data-elementor-id=\"22759\" class=\"elementor elementor-22759\">\n\t\t\t\t\t\t<section class=\"elementor-section-with-custom-width elementor-section elementor-top-section elementor-element elementor-element-04633c4 elementor-section-boxed elementor-section-height-default elementor-section-height-default sc_fly_static\" data-id=\"04633c4\" data-element_type=\"section\" data-settings=\"{&quot;background_background&quot;:&quot;classic&quot;}\">\n\t\t\t\t\t\t<div class=\"elementor-container elementor-column-gap-extended\">\n\t\t\t\t\t<div class=\"elementor-column elementor-col-66 elementor-top-column elementor-element elementor-element-a6aaecd sc_inner_width_none sc_content_align_inherit sc_layouts_column_icons_position_left sc_fly_static\" data-id=\"a6aaecd\" data-element_type=\"column\">\n\t\t\t<div class=\"elementor-widget-wrap elementor-element-populated\">\n\t\t\t\t\t\t<div class=\"elementor-element elementor-element-051506b sc_layouts_hide_on_notebook sc_layouts_hide_on_tablet sc_layouts_hide_on_mobile sc_fly_static elementor-widget elementor-widget-heading\" data-id=\"051506b\" data-element_type=\"widget\" data-widget_type=\"heading.default\">\n\t\t\t\t<div class=\"elementor-widget-container\">\n\t\t\t\t\t<h2 class=\"elementor-heading-title elementor-size-default\">H\u00e9ctor Anaya Mondrag\u00f3n<\/h2>\t\t\t\t<\/div>\n\t\t\t\t<\/div>\n\t\t\t\t<div class=\"elementor-element elementor-element-1d2290b sc_layouts_hide_on_wide sc_layouts_hide_on_desktop sc_fly_static elementor-widget elementor-widget-heading\" data-id=\"1d2290b\" data-element_type=\"widget\" data-widget_type=\"heading.default\">\n\t\t\t\t<div class=\"elementor-widget-container\">\n\t\t\t\t\t<h2 class=\"elementor-heading-title elementor-size-default\">H\u00e9ctor Anaya<\/h2>\t\t\t\t<\/div>\n\t\t\t\t<\/div>\n\t\t\t\t<div class=\"elementor-element elementor-element-cce5a38 sc_layouts_hide_on_wide sc_layouts_hide_on_desktop sc_fly_static elementor-widget elementor-widget-heading\" data-id=\"cce5a38\" data-element_type=\"widget\" data-widget_type=\"heading.default\">\n\t\t\t\t<div class=\"elementor-widget-container\">\n\t\t\t\t\t<h2 class=\"elementor-heading-title elementor-size-default\">Mondrag\u00f3n<\/h2>\t\t\t\t<\/div>\n\t\t\t\t<\/div>\n\t\t\t\t<div class=\"elementor-element elementor-element-1204873 sc_fly_static elementor-widget elementor-widget-spacer\" data-id=\"1204873\" data-element_type=\"widget\" data-widget_type=\"spacer.default\">\n\t\t\t\t<div class=\"elementor-widget-container\">\n\t\t\t\t\t\t\t<div class=\"elementor-spacer\">\n\t\t\t<div class=\"elementor-spacer-inner\"><\/div>\n\t\t<\/div>\n\t\t\t\t\t\t<\/div>\n\t\t\t\t<\/div>\n\t\t\t\t<div class=\"elementor-element elementor-element-e3b40cb sc_fly_static elementor-widget elementor-widget-text-editor\" data-id=\"e3b40cb\" data-element_type=\"widget\" data-widget_type=\"text-editor.default\">\n\t\t\t\t<div class=\"elementor-widget-container\">\n\t\t\t\t\t\t\t\t\t<p>PARTNER<\/p>\t\t\t\t\t\t\t\t<\/div>\n\t\t\t\t<\/div>\n\t\t\t\t<div class=\"elementor-element elementor-element-e713132 sc_fly_static elementor-widget elementor-widget-text-editor\" data-id=\"e713132\" data-element_type=\"widget\" data-widget_type=\"text-editor.default\">\n\t\t\t\t<div class=\"elementor-widget-container\">\n\t\t\t\t\t\t\t\t\t<p class=\"p1\">hector.anaya@gritwood.mx<\/p>\t\t\t\t\t\t\t\t<\/div>\n\t\t\t\t<\/div>\n\t\t\t\t<div class=\"elementor-element elementor-element-a68ba0b sc_fly_static elementor-widget elementor-widget-spacer\" data-id=\"a68ba0b\" data-element_type=\"widget\" data-widget_type=\"spacer.default\">\n\t\t\t\t<div class=\"elementor-widget-container\">\n\t\t\t\t\t\t\t<div class=\"elementor-spacer\">\n\t\t\t<div class=\"elementor-spacer-inner\"><\/div>\n\t\t<\/div>\n\t\t\t\t\t\t<\/div>\n\t\t\t\t<\/div>\n\t\t\t\t<div class=\"elementor-element elementor-element-a351c24 sc_fly_static elementor-widget elementor-widget-text-editor\" data-id=\"a351c24\" data-element_type=\"widget\" data-widget_type=\"text-editor.default\">\n\t\t\t\t<div class=\"elementor-widget-container\">\n\t\t\t\t\t\t\t\t\t<p><span style=\"font-weight: 400;\">H\u00e9ctor is an experienced professional in litigation and arbitration, with over 20 years of expertise in managing complex legal disputes. His practice focuses on resolving commercial disputes and conflicts with public administrations, with a particular emphasis on cross-border litigation, arbitration, and the protection of foreign direct investment (FDI).<\/span><\/p>\t\t\t\t\t\t\t\t<\/div>\n\t\t\t\t<\/div>\n\t\t\t\t\t<\/div>\n\t\t<\/div>\n\t\t\t\t<div class=\"elementor-column elementor-col-33 elementor-top-column elementor-element elementor-element-a14a752 sc_layouts_hide_on_tablet sc_layouts_hide_on_mobile sc_inner_width_none sc_content_align_inherit sc_layouts_column_icons_position_left sc_fly_static\" data-id=\"a14a752\" data-element_type=\"column\">\n\t\t\t<div class=\"elementor-widget-wrap elementor-element-populated\">\n\t\t\t\t\t\t<div class=\"elementor-element elementor-element-83be801 sc_layouts_hide_on_tablet sc_layouts_hide_on_mobile sc_fly_static elementor-widget elementor-widget-image\" data-id=\"83be801\" data-element_type=\"widget\" data-widget_type=\"image.default\">\n\t\t\t\t<div class=\"elementor-widget-container\">\n\t\t\t\t\t\t\t\t\t\t\t\t\t\t\t<img decoding=\"async\" width=\"150\" height=\"300\" src=\"https:\/\/gritwood.mx\/wp-content\/uploads\/2024\/06\/GW-monograma-blanco-lateral-thumb.png\" class=\"attachment-full size-full wp-image-22520\" alt=\"\" \/>\t\t\t\t\t\t\t\t\t\t\t\t\t\t\t<\/div>\n\t\t\t\t<\/div>\n\t\t\t\t\t<\/div>\n\t\t<\/div>\n\t\t\t\t\t<\/div>\n\t\t<\/section>\n\t\t\t\t<section class=\"elementor-section-with-custom-width elementor-section elementor-top-section elementor-element elementor-element-1db5f12 elementor-section-boxed elementor-section-height-default elementor-section-height-default sc_fly_static\" data-id=\"1db5f12\" data-element_type=\"section\" data-settings=\"{&quot;background_background&quot;:&quot;classic&quot;}\">\n\t\t\t\t\t\t<div class=\"elementor-container elementor-column-gap-extended\">\n\t\t\t\t\t<div class=\"elementor-column elementor-col-50 elementor-top-column elementor-element elementor-element-7a58bdd sc_inner_width_none sc_content_align_inherit sc_layouts_column_icons_position_left sc_fly_static\" data-id=\"7a58bdd\" data-element_type=\"column\">\n\t\t\t<div class=\"elementor-widget-wrap elementor-element-populated\">\n\t\t\t\t\t\t<div class=\"elementor-element elementor-element-f99d50d sc_fly_static elementor-widget elementor-widget-text-editor\" data-id=\"f99d50d\" data-element_type=\"widget\" data-widget_type=\"text-editor.default\">\n\t\t\t\t<div class=\"elementor-widget-container\">\n\t\t\t\t\t\t\t\t\t<p class=\"p1\">His experience spans a wide range of industries, including construction, energy, infrastructure, technology, transportation, pharmaceuticals, and insurance, where he has represented various companies and entities. H\u00e9ctor has successfully handled disputes under multiple arbitration rules, including the <b>International Chamber of Commerce<\/b> (ICC), <b>London Court of International Arbitration (LCIA)<\/b>, the <b>International Centre for Settlement of Investment Disputes (ICSID), and the International Centre for Dispute Resolution (ICDR),<\/b> earning a reputation for his strategic approach and ability to achieve results in complex cases. He is particularly recognized for his work in arbitration, advising clients on cases involving state entities and international treaties designed to protect foreign investments.<\/p><p><span style=\"font-weight: 400;\">Throughout his career, H\u00e9ctor has spent significant time in Europe, working with two prestigious international law firms. His diverse experience also includes serving as an arbitrator in commercial disputes, providing him with a comprehensive understanding of both procedural and substantive aspects of dispute resolution. His extensive knowledge of administrative litigation has made him a sought-after advisor for clients facing regulatory and compliance challenges, particularly in sectors subject to government oversight.<\/span><\/p><p><span style=\"font-weight: 400;\">H\u00e9ctor is an active member of leading arbitration organizations and served as the ICC YAF representative for Latin America from 2019 to 2021. During the same period, he was president of the ICC Mexico Young Arbitration Forum. He was also part of the second generation (2023\u20132024) of the ICC Advanced Arbitration Academy for Latin America. In addition to his professional practice, he frequently participates in forums and seminars on arbitration and administrative law. His academic credentials include teaching at the Monterrey Institute of Technology and Higher Education and publishing various academic articles, including his 2016 doctoral thesis titled \"Investment Arbitration with a Special Focus on ICSID and Latin America.\"<\/span><\/p><p><span style=\"font-weight: 400;\">For his outstanding work in arbitration and litigation, H\u00e9ctor has been featured in prestigious directories such as Chambers &amp; Partners, Legal 500, Leaders League, and Who\u2019s Who Legal, among others.<\/span><\/p><p><span style=\"font-weight: 400;\">H\u00e9ctor holds a Law Degree from the Universidad Panamericana, with specializations in Tax Law and Foreign Trade and International Business from the same university. He also earned a master\u2019s in law and business (MLB) from Bucerius Law School and WHU \u2013 Otto Beisheim School of Management and a Doctorate in Law (<\/span><i><span style=\"font-weight: 400;\">magna cum laude<\/span><\/i><span style=\"font-weight: 400;\">from Johann Wolfgang Goethe University in Frankfurt am Main. Additionally, he completed a Diploma in Spanish Law at the University of Alcal\u00e1 de Henares and is a certified attorney by revalidation in Spain. He is a certified public mediator (No. 495) in Mexico City. Hector is fluent in English, Spanish, Portuguese, and German, enabling him to effectively serve a broad range of clients and legal contexts.<\/span><\/p>\t\t\t\t\t\t\t\t<\/div>\n\t\t\t\t<\/div>\n\t\t\t\t\t<\/div>\n\t\t<\/div>\n\t\t\t\t<div class=\"elementor-column elementor-col-50 elementor-top-column elementor-element elementor-element-1b3f0bd sc_inner_width_none sc_content_align_inherit sc_layouts_column_icons_position_left sc_fly_static\" data-id=\"1b3f0bd\" data-element_type=\"column\">\n\t\t\t<div class=\"elementor-widget-wrap\">\n\t\t\t\t\t\t\t<\/div>\n\t\t<\/div>\n\t\t\t\t\t<\/div>\n\t\t<\/section>\n\t\t\t\t<\/div>","protected":false},"excerpt":{"rendered":"<p>H\u00e9ctor Anaya Mondrag\u00f3n H\u00e9ctor Anaya Mondrag\u00f3n SOCIO hector.anaya@gritwood.mx H\u00e9ctor es un experimentado profesional en litigio y arbitraje, con m\u00e1s de 20 a\u00f1os de experiencia en el manejo de disputas legales&hellip;<\/p>","protected":false},"author":1,"featured_media":0,"parent":0,"menu_order":0,"comment_status":"closed","ping_status":"closed","template":"","meta":{"footnotes":""},"class_list":["post-22759","page","type-page","status-publish","hentry"],"_links":{"self":[{"href":"https:\/\/gritwood.mx\/en\/wp-json\/wp\/v2\/pages\/22759","targetHints":{"allow":["GET"]}}],"collection":[{"href":"https:\/\/gritwood.mx\/en\/wp-json\/wp\/v2\/pages"}],"about":[{"href":"https:\/\/gritwood.mx\/en\/wp-json\/wp\/v2\/types\/page"}],"author":[{"embeddable":true,"href":"https:\/\/gritwood.mx\/en\/wp-json\/wp\/v2\/users\/1"}],"replies":[{"embeddable":true,"href":"https:\/\/gritwood.mx\/en\/wp-json\/wp\/v2\/comments?post=22759"}],"version-history":[{"count":19,"href":"https:\/\/gritwood.mx\/en\/wp-json\/wp\/v2\/pages\/22759\/revisions"}],"predecessor-version":[{"id":23267,"href":"https:\/\/gritwood.mx\/en\/wp-json\/wp\/v2\/pages\/22759\/revisions\/23267"}],"wp:attachment":[{"href":"https:\/\/gritwood.mx\/en\/wp-json\/wp\/v2\/media?parent=22759"}],"curies":[{"name":"wp","href":"https:\/\/api.w.org\/{rel}","templated":true}]}}