{"id":22772,"date":"2024-12-26T16:18:13","date_gmt":"2024-12-26T16:18:13","guid":{"rendered":"https:\/\/gritwood.mx\/?page_id=22772"},"modified":"2025-10-07T14:50:12","modified_gmt":"2025-10-07T20:50:12","slug":"evaristo-angeles-zermeno","status":"publish","type":"page","link":"https:\/\/gritwood.mx\/en\/evaristo-angeles-zermeno\/","title":{"rendered":"Gritwood: Evaristo \u00c1ngeles Zerme\u00f1o"},"content":{"rendered":"<div data-elementor-type=\"wp-page\" data-elementor-id=\"22772\" class=\"elementor elementor-22772\">\n\t\t\t\t\t\t<section class=\"elementor-section-with-custom-width elementor-section elementor-top-section elementor-element elementor-element-04633c4 elementor-section-boxed elementor-section-height-default elementor-section-height-default sc_fly_static\" data-id=\"04633c4\" data-element_type=\"section\" data-settings=\"{&quot;background_background&quot;:&quot;classic&quot;}\">\n\t\t\t\t\t\t<div class=\"elementor-container elementor-column-gap-extended\">\n\t\t\t\t\t<div class=\"elementor-column elementor-col-66 elementor-top-column elementor-element elementor-element-a6aaecd sc_inner_width_none sc_content_align_inherit sc_layouts_column_icons_position_left sc_fly_static\" data-id=\"a6aaecd\" data-element_type=\"column\">\n\t\t\t<div class=\"elementor-widget-wrap elementor-element-populated\">\n\t\t\t\t\t\t<div class=\"elementor-element elementor-element-051506b sc_layouts_hide_on_notebook sc_layouts_hide_on_tablet sc_layouts_hide_on_mobile sc_fly_static elementor-widget elementor-widget-heading\" data-id=\"051506b\" data-element_type=\"widget\" data-widget_type=\"heading.default\">\n\t\t\t\t<div class=\"elementor-widget-container\">\n\t\t\t\t\t<h2 class=\"elementor-heading-title elementor-size-default\">Evaristo \u00c1ngeles Zerme\u00f1o<\/h2>\t\t\t\t<\/div>\n\t\t\t\t<\/div>\n\t\t\t\t<div class=\"elementor-element elementor-element-0408389 sc_layouts_hide_on_wide sc_layouts_hide_on_desktop sc_fly_static elementor-widget elementor-widget-heading\" data-id=\"0408389\" data-element_type=\"widget\" data-widget_type=\"heading.default\">\n\t\t\t\t<div class=\"elementor-widget-container\">\n\t\t\t\t\t<h2 class=\"elementor-heading-title elementor-size-default\">Evaristo \u00c1ngeles<\/h2>\t\t\t\t<\/div>\n\t\t\t\t<\/div>\n\t\t\t\t<div class=\"elementor-element elementor-element-a6f6be8 sc_layouts_hide_on_wide sc_layouts_hide_on_desktop sc_fly_static elementor-widget elementor-widget-heading\" data-id=\"a6f6be8\" data-element_type=\"widget\" data-widget_type=\"heading.default\">\n\t\t\t\t<div class=\"elementor-widget-container\">\n\t\t\t\t\t<h2 class=\"elementor-heading-title elementor-size-default\">Zerme\u00f1o<\/h2>\t\t\t\t<\/div>\n\t\t\t\t<\/div>\n\t\t\t\t<div class=\"elementor-element elementor-element-1204873 sc_fly_static elementor-widget elementor-widget-spacer\" data-id=\"1204873\" data-element_type=\"widget\" data-widget_type=\"spacer.default\">\n\t\t\t\t<div class=\"elementor-widget-container\">\n\t\t\t\t\t\t\t<div class=\"elementor-spacer\">\n\t\t\t<div class=\"elementor-spacer-inner\"><\/div>\n\t\t<\/div>\n\t\t\t\t\t\t<\/div>\n\t\t\t\t<\/div>\n\t\t\t\t<div class=\"elementor-element elementor-element-81b30af sc_fly_static elementor-widget elementor-widget-text-editor\" data-id=\"81b30af\" data-element_type=\"widget\" data-widget_type=\"text-editor.default\">\n\t\t\t\t<div class=\"elementor-widget-container\">\n\t\t\t\t\t\t\t\t\t<p>PARTNER<\/p>\t\t\t\t\t\t\t\t<\/div>\n\t\t\t\t<\/div>\n\t\t\t\t<div class=\"elementor-element elementor-element-d37fb39 sc_fly_static elementor-widget elementor-widget-text-editor\" data-id=\"d37fb39\" data-element_type=\"widget\" data-widget_type=\"text-editor.default\">\n\t\t\t\t<div class=\"elementor-widget-container\">\n\t\t\t\t\t\t\t\t\t<p class=\"p1\">evaristo.angeles@gritwood.mx<\/p>\t\t\t\t\t\t\t\t<\/div>\n\t\t\t\t<\/div>\n\t\t\t\t<div class=\"elementor-element elementor-element-20167a0 sc_fly_static elementor-widget elementor-widget-spacer\" data-id=\"20167a0\" data-element_type=\"widget\" data-widget_type=\"spacer.default\">\n\t\t\t\t<div class=\"elementor-widget-container\">\n\t\t\t\t\t\t\t<div class=\"elementor-spacer\">\n\t\t\t<div class=\"elementor-spacer-inner\"><\/div>\n\t\t<\/div>\n\t\t\t\t\t\t<\/div>\n\t\t\t\t<\/div>\n\t\t\t\t<div class=\"elementor-element elementor-element-a351c24 sc_fly_static elementor-widget elementor-widget-text-editor\" data-id=\"a351c24\" data-element_type=\"widget\" data-widget_type=\"text-editor.default\">\n\t\t\t\t<div class=\"elementor-widget-container\">\n\t\t\t\t\t\t\t\t\t<p><span style=\"font-weight: 400;\">Evaristo is an experienced professional with over 14 years of expertise in Mexico's railway sector. He has been actively involved in the implementation of various infrastructure projects, including the Celaya Railway Bypass, the Relocation of the Durango Railway Yard, the Salamanca Railway Confinement, the Matamoros-Brownsville International Bridge, and the coordination of Urban-Railway Coexistence and Railway Safety programs, which facilitated the construction of multiple grade-separated vehicular crossings across different states in the country.<\/span><\/p>\t\t\t\t\t\t\t\t<\/div>\n\t\t\t\t<\/div>\n\t\t\t\t\t<\/div>\n\t\t<\/div>\n\t\t\t\t<div class=\"elementor-column elementor-col-33 elementor-top-column elementor-element elementor-element-a14a752 sc_layouts_hide_on_tablet sc_layouts_hide_on_mobile sc_inner_width_none sc_content_align_inherit sc_layouts_column_icons_position_left sc_fly_static\" data-id=\"a14a752\" data-element_type=\"column\">\n\t\t\t<div class=\"elementor-widget-wrap elementor-element-populated\">\n\t\t\t\t\t\t<div class=\"elementor-element elementor-element-83be801 sc_layouts_hide_on_tablet sc_layouts_hide_on_mobile sc_fly_static elementor-widget elementor-widget-image\" data-id=\"83be801\" data-element_type=\"widget\" data-widget_type=\"image.default\">\n\t\t\t\t<div class=\"elementor-widget-container\">\n\t\t\t\t\t\t\t\t\t\t\t\t\t\t\t<img decoding=\"async\" width=\"150\" height=\"300\" src=\"https:\/\/gritwood.mx\/wp-content\/uploads\/2024\/06\/GW-monograma-blanco-lateral-thumb.png\" class=\"attachment-full size-full wp-image-22520\" alt=\"\" \/>\t\t\t\t\t\t\t\t\t\t\t\t\t\t\t<\/div>\n\t\t\t\t<\/div>\n\t\t\t\t\t<\/div>\n\t\t<\/div>\n\t\t\t\t\t<\/div>\n\t\t<\/section>\n\t\t\t\t<section class=\"elementor-section-with-custom-width elementor-section elementor-top-section elementor-element elementor-element-1db5f12 elementor-section-boxed elementor-section-height-default elementor-section-height-default sc_fly_static\" data-id=\"1db5f12\" data-element_type=\"section\" data-settings=\"{&quot;background_background&quot;:&quot;classic&quot;}\">\n\t\t\t\t\t\t<div class=\"elementor-container elementor-column-gap-extended\">\n\t\t\t\t\t<div class=\"elementor-column elementor-col-50 elementor-top-column elementor-element elementor-element-7a58bdd sc_inner_width_none sc_content_align_inherit sc_layouts_column_icons_position_left sc_fly_static\" data-id=\"7a58bdd\" data-element_type=\"column\">\n\t\t\t<div class=\"elementor-widget-wrap elementor-element-populated\">\n\t\t\t\t\t\t<div class=\"elementor-element elementor-element-f99d50d sc_fly_static elementor-widget elementor-widget-text-editor\" data-id=\"f99d50d\" data-element_type=\"widget\" data-widget_type=\"text-editor.default\">\n\t\t\t\t<div class=\"elementor-widget-container\">\n\t\t\t\t\t\t\t\t\t<p><span style=\"font-weight: 400;\">Since the establishment of the Regulatory Agency for Railway Transport in 2016, Evaristo has played a pivotal role in designing its organizational structure. He initially served as Director of Litigation and Dispute Resolution and later as General Director of Legal Affairs. Between March 2016 and April 2021, he contributed to developing strategies to ensure the legality of the agency's legal actions, coordinated public procurement procedures, and oversaw the drafting and modification of Concession and Assignment Titles in railway transport.\u00a0\u00a0<\/span><\/p><p><span style=\"font-weight: 400;\">From June 2021 to October 2022, Evaristo served as Director of Coordination and Contracts within the General Directorate of Material Resources and General Services at the Ministry of Health. He also acted as Technical Secretary of the Acquisitions, Leasing, and Services Committee and chaired the Review Subcommittee for Public Tenders within the Ministry of Health.<\/span><\/p><p><span style=\"font-weight: 400;\">From October 2022 to September 2024, Evaristo held the position of Head of the Regulatory Agency for Railway Transport, where he led the national strategy for the railway sector through regulation, promotion, oversight, and verification of public railway transport services and auxiliary services. He ensured the interconnection of the railway system and promoted the integration of railway terminals with multimodal operations.<\/span><\/p><p><span style=\"font-weight: 400;\">Evaristo holds a Law Degree with Honors from the Arag\u00f3n Faculty of Higher Studies at the National Autonomous University of Mexico and a master\u2019s in law, graduating with excellence from the Technological University of Mexico.<\/span><\/p>\t\t\t\t\t\t\t\t<\/div>\n\t\t\t\t<\/div>\n\t\t\t\t\t<\/div>\n\t\t<\/div>\n\t\t\t\t<div class=\"elementor-column elementor-col-50 elementor-top-column elementor-element elementor-element-1b3f0bd sc_inner_width_none sc_content_align_inherit sc_layouts_column_icons_position_left sc_fly_static\" data-id=\"1b3f0bd\" data-element_type=\"column\">\n\t\t\t<div class=\"elementor-widget-wrap\">\n\t\t\t\t\t\t\t<\/div>\n\t\t<\/div>\n\t\t\t\t\t<\/div>\n\t\t<\/section>\n\t\t\t\t<\/div>","protected":false},"excerpt":{"rendered":"<p>Evaristo \u00c1ngeles Zerme\u00f1o Evaristo \u00c1ngeles Zerme\u00f1o SOCIO evaristo.angeles@gritwood.mx Evaristo es un experimentado profesional con m\u00e1s de 14 a\u00f1os de experiencia en el sector ferroviario en M\u00e9xico. Ha participado en la&hellip;<\/p>","protected":false},"author":1,"featured_media":0,"parent":0,"menu_order":0,"comment_status":"closed","ping_status":"closed","template":"","meta":{"footnotes":""},"class_list":["post-22772","page","type-page","status-publish","hentry"],"_links":{"self":[{"href":"https:\/\/gritwood.mx\/en\/wp-json\/wp\/v2\/pages\/22772","targetHints":{"allow":["GET"]}}],"collection":[{"href":"https:\/\/gritwood.mx\/en\/wp-json\/wp\/v2\/pages"}],"about":[{"href":"https:\/\/gritwood.mx\/en\/wp-json\/wp\/v2\/types\/page"}],"author":[{"embeddable":true,"href":"https:\/\/gritwood.mx\/en\/wp-json\/wp\/v2\/users\/1"}],"replies":[{"embeddable":true,"href":"https:\/\/gritwood.mx\/en\/wp-json\/wp\/v2\/comments?post=22772"}],"version-history":[{"count":19,"href":"https:\/\/gritwood.mx\/en\/wp-json\/wp\/v2\/pages\/22772\/revisions"}],"predecessor-version":[{"id":23273,"href":"https:\/\/gritwood.mx\/en\/wp-json\/wp\/v2\/pages\/22772\/revisions\/23273"}],"wp:attachment":[{"href":"https:\/\/gritwood.mx\/en\/wp-json\/wp\/v2\/media?parent=22772"}],"curies":[{"name":"wp","href":"https:\/\/api.w.org\/{rel}","templated":true}]}}