{"id":22777,"date":"2024-12-26T16:25:32","date_gmt":"2024-12-26T16:25:32","guid":{"rendered":"https:\/\/gritwood.mx\/?page_id=22777"},"modified":"2025-01-13T22:12:10","modified_gmt":"2025-01-13T22:12:10","slug":"jose-balmori-de-la-miyar","status":"publish","type":"page","link":"https:\/\/gritwood.mx\/en\/jose-balmori-de-la-miyar\/","title":{"rendered":"Gritwood: Jose Balmori de la Miyar"},"content":{"rendered":"<div data-elementor-type=\"wp-page\" data-elementor-id=\"22777\" class=\"elementor elementor-22777\">\n\t\t\t\t\t\t<section class=\"elementor-section-with-custom-width elementor-section elementor-top-section elementor-element elementor-element-04633c4 elementor-section-boxed elementor-section-height-default elementor-section-height-default sc_fly_static\" data-id=\"04633c4\" data-element_type=\"section\" data-settings=\"{&quot;background_background&quot;:&quot;classic&quot;}\">\n\t\t\t\t\t\t<div class=\"elementor-container elementor-column-gap-extended\">\n\t\t\t\t\t<div class=\"elementor-column elementor-col-66 elementor-top-column elementor-element elementor-element-a6aaecd sc_inner_width_none sc_content_align_inherit sc_layouts_column_icons_position_left sc_fly_static\" data-id=\"a6aaecd\" data-element_type=\"column\">\n\t\t\t<div class=\"elementor-widget-wrap elementor-element-populated\">\n\t\t\t\t\t\t<div class=\"elementor-element elementor-element-051506b sc_layouts_hide_on_notebook sc_layouts_hide_on_tablet sc_layouts_hide_on_mobile sc_fly_static elementor-widget elementor-widget-heading\" data-id=\"051506b\" data-element_type=\"widget\" data-widget_type=\"heading.default\">\n\t\t\t\t<div class=\"elementor-widget-container\">\n\t\t\t\t\t<h2 class=\"elementor-heading-title elementor-size-default\">Jose Balmori  de la Miyar<\/h2>\t\t\t\t<\/div>\n\t\t\t\t<\/div>\n\t\t\t\t<div class=\"elementor-element elementor-element-6408446 sc_layouts_hide_on_wide sc_layouts_hide_on_desktop sc_fly_static elementor-widget elementor-widget-heading\" data-id=\"6408446\" data-element_type=\"widget\" data-widget_type=\"heading.default\">\n\t\t\t\t<div class=\"elementor-widget-container\">\n\t\t\t\t\t<h2 class=\"elementor-heading-title elementor-size-default\">Jose Balmori de<\/h2>\t\t\t\t<\/div>\n\t\t\t\t<\/div>\n\t\t\t\t<div class=\"elementor-element elementor-element-933a5bd sc_layouts_hide_on_wide sc_layouts_hide_on_desktop sc_fly_static elementor-widget elementor-widget-heading\" data-id=\"933a5bd\" data-element_type=\"widget\" data-widget_type=\"heading.default\">\n\t\t\t\t<div class=\"elementor-widget-container\">\n\t\t\t\t\t<h2 class=\"elementor-heading-title elementor-size-default\">la Miyar<\/h2>\t\t\t\t<\/div>\n\t\t\t\t<\/div>\n\t\t\t\t<div class=\"elementor-element elementor-element-1204873 sc_fly_static elementor-widget elementor-widget-spacer\" data-id=\"1204873\" data-element_type=\"widget\" data-widget_type=\"spacer.default\">\n\t\t\t\t<div class=\"elementor-widget-container\">\n\t\t\t\t\t\t\t<div class=\"elementor-spacer\">\n\t\t\t<div class=\"elementor-spacer-inner\"><\/div>\n\t\t<\/div>\n\t\t\t\t\t\t<\/div>\n\t\t\t\t<\/div>\n\t\t\t\t<div class=\"elementor-element elementor-element-bea0adc sc_fly_static elementor-widget elementor-widget-text-editor\" data-id=\"bea0adc\" data-element_type=\"widget\" data-widget_type=\"text-editor.default\">\n\t\t\t\t<div class=\"elementor-widget-container\">\n\t\t\t\t\t\t\t\t\t<p>OF COUNSEL<\/p>\t\t\t\t\t\t\t\t<\/div>\n\t\t\t\t<\/div>\n\t\t\t\t<div class=\"elementor-element elementor-element-8b18f7b sc_fly_static elementor-widget elementor-widget-text-editor\" data-id=\"8b18f7b\" data-element_type=\"widget\" data-widget_type=\"text-editor.default\">\n\t\t\t\t<div class=\"elementor-widget-container\">\n\t\t\t\t\t\t\t\t\t<p class=\"p1\">jose.balmori@gritwood.mx<\/p>\t\t\t\t\t\t\t\t<\/div>\n\t\t\t\t<\/div>\n\t\t\t\t<div class=\"elementor-element elementor-element-0fb6aa4 sc_fly_static elementor-widget elementor-widget-spacer\" data-id=\"0fb6aa4\" data-element_type=\"widget\" data-widget_type=\"spacer.default\">\n\t\t\t\t<div class=\"elementor-widget-container\">\n\t\t\t\t\t\t\t<div class=\"elementor-spacer\">\n\t\t\t<div class=\"elementor-spacer-inner\"><\/div>\n\t\t<\/div>\n\t\t\t\t\t\t<\/div>\n\t\t\t\t<\/div>\n\t\t\t\t<div class=\"elementor-element elementor-element-a351c24 sc_fly_static elementor-widget elementor-widget-text-editor\" data-id=\"a351c24\" data-element_type=\"widget\" data-widget_type=\"text-editor.default\">\n\t\t\t\t<div class=\"elementor-widget-container\">\n\t\t\t\t\t\t\t\t\t<p><span style=\"font-weight: 400;\">Jose has more than a decade of experience in consulting and academia. As an affiliate consultant at Gritwood Dispute Resolution S.C., he is a trusted expert in cases requiring advanced economic and mathematical analysis for litigation, arbitration, and regulatory matters. Additionally, Jose serves as Vice Dean and Associate Professor at the Business School of Anahuac University in Mexico City. His research focuses on Law and Economics, Health Economics, Economic Regulation, Crime Economics, and Public Policy.<\/span><\/p>\t\t\t\t\t\t\t\t<\/div>\n\t\t\t\t<\/div>\n\t\t\t\t\t<\/div>\n\t\t<\/div>\n\t\t\t\t<div class=\"elementor-column elementor-col-33 elementor-top-column elementor-element elementor-element-a14a752 sc_layouts_hide_on_tablet sc_layouts_hide_on_mobile sc_inner_width_none sc_content_align_inherit sc_layouts_column_icons_position_left sc_fly_static\" data-id=\"a14a752\" data-element_type=\"column\">\n\t\t\t<div class=\"elementor-widget-wrap elementor-element-populated\">\n\t\t\t\t\t\t<div class=\"elementor-element elementor-element-83be801 sc_layouts_hide_on_tablet sc_layouts_hide_on_mobile sc_fly_static elementor-widget elementor-widget-image\" data-id=\"83be801\" data-element_type=\"widget\" data-widget_type=\"image.default\">\n\t\t\t\t<div class=\"elementor-widget-container\">\n\t\t\t\t\t\t\t\t\t\t\t\t\t\t\t<img decoding=\"async\" width=\"150\" height=\"300\" src=\"https:\/\/gritwood.mx\/wp-content\/uploads\/2024\/06\/GW-monograma-blanco-lateral-thumb.png\" class=\"attachment-full size-full wp-image-22520\" alt=\"\" \/>\t\t\t\t\t\t\t\t\t\t\t\t\t\t\t<\/div>\n\t\t\t\t<\/div>\n\t\t\t\t\t<\/div>\n\t\t<\/div>\n\t\t\t\t\t<\/div>\n\t\t<\/section>\n\t\t\t\t<section class=\"elementor-section-with-custom-width elementor-section elementor-top-section elementor-element elementor-element-1db5f12 elementor-section-boxed elementor-section-height-default elementor-section-height-default sc_fly_static\" data-id=\"1db5f12\" data-element_type=\"section\" data-settings=\"{&quot;background_background&quot;:&quot;classic&quot;}\">\n\t\t\t\t\t\t<div class=\"elementor-container elementor-column-gap-extended\">\n\t\t\t\t\t<div class=\"elementor-column elementor-col-50 elementor-top-column elementor-element elementor-element-7a58bdd sc_inner_width_none sc_content_align_inherit sc_layouts_column_icons_position_left sc_fly_static\" data-id=\"7a58bdd\" data-element_type=\"column\">\n\t\t\t<div class=\"elementor-widget-wrap elementor-element-populated\">\n\t\t\t\t\t\t<div class=\"elementor-element elementor-element-f99d50d sc_fly_static elementor-widget elementor-widget-text-editor\" data-id=\"f99d50d\" data-element_type=\"widget\" data-widget_type=\"text-editor.default\">\n\t\t\t\t<div class=\"elementor-widget-container\">\n\t\t\t\t\t\t\t\t\t<p><span style=\"font-weight: 400;\">Jose's research has resulted in more than thirty peer-reviewed articles published in leading international journals such as <\/span><i><span style=\"font-weight: 400;\">Social Science &amp; Medicine<\/span><\/i><span style=\"font-weight: 400;\">, <\/span><i><span style=\"font-weight: 400;\">Journal of Economic Behavior &amp; Organization<\/span><\/i><span style=\"font-weight: 400;\">, <\/span><i><span style=\"font-weight: 400;\">World Development<\/span><\/i><span style=\"font-weight: 400;\"> and <\/span><i><span style=\"font-weight: 400;\">Population Studies<\/span><\/i><span style=\"font-weight: 400;\">. He has also contributed to various refereed conference proceedings, book chapters, and two forthcoming textbooks on Law and Economics and Quantitative Methods for Business. His work has garnered over 700 citations, with more than half from peer-reviewed international publications. Based on citations from the past decade, Jose ranks in the top quartile of economists worldwide according to the Research Papers in Economics (RePEc) index <\/span><i><span style=\"font-weight: 400;\">.<\/span><\/i><span style=\"font-weight: 400;\">Several of his articles rank among the most cited or have been selected as \"Editor's Choice\" in the journals where they were published. Moreover, Jose frequently contributes to media outlets on business and public policy topics, including <\/span><i><span style=\"font-weight: 400;\">Forbes M\u00e9xico<\/span><\/i><span style=\"font-weight: 400;\">, <\/span><i><span style=\"font-weight: 400;\">Exc\u00e9lsior<\/span><\/i><span style=\"font-weight: 400;\"> and <\/span><i><span style=\"font-weight: 400;\">Animal Pol\u00edtico<\/span><\/i><span style=\"font-weight: 400;\">.<\/span><\/p><p><span style=\"font-weight: 400;\">Jose\u2019s teaching experience includes courses in strategy, financial institution regulation, corporate governance, health economics, econometrics, microeconomics, and law and economics at both undergraduate and graduate levels. He has taught at institutions such as Anahuac University, Cornell University, and Universidad Finis Terrae. He has also been invited to speak at universities in Germany, the Netherlands, Spain, the United States, Chile, Bolivia, Peru, Colombia, among other countries.<\/span><\/p><p><span style=\"font-weight: 400;\">As an active consultant, Jose has been engaged in projects for the World Bank's Poverty and Equity Unit for Latin America and the Caribbean, the Sustainability Index of the Mexican Stock Exchange, Mexico\u2019s Federal Audit Office of the Chamber of Deputies, and the <\/span><i><span style=\"font-weight: 400;\">Center on Budget and Policy Priorities<\/span><\/i><span style=\"font-weight: 400;\"> in Washington, D.C. He has served on the advisory boards of Anahuac University\u2019s Business School and the Latin American Consortium for Microfinance Training (COLCAMI), which provides business education to microfinance lenders targeting underserved populations such as low-income women entrepreneurs and agricultural startups. He has also contributed to BIOSODAS, a consortium of independent bottlers, and is an active member of the Inclusion and Outreach Committee of the Catholic Research Economists Discussion Organization<\/span><i><span style=\"font-weight: 400;\">,<\/span><\/i><span style=\"font-weight: 400;\">the Latin American and Caribbean Economic Association<\/span><i><span style=\"font-weight: 400;\">,<\/span><\/i><span style=\"font-weight: 400;\">the American Economic Association<\/span><i><span style=\"font-weight: 400;\">,<\/span><\/i><span style=\"font-weight: 400;\">and the Academy of Management<\/span><i><span style=\"font-weight: 400;\">.<\/span><\/i><span style=\"font-weight: 400;\">).<\/span><\/p><p><span style=\"font-weight: 400;\">For his academic contributions, Jose has received several awards, including the State of Mexico's Research Talent Award in Economics and Management, Level I recognition from Mexico's National System of Researchers (SNI), the Anahuac Award for Excellence in Research and Teaching, and the Robert D. Cooter Award for Law and Economics Research.<\/span><\/p><p><span style=\"font-weight: 400;\">Jose holds a bachelor\u2019s degree in economics and mathematics from the University of Texas (RGV), a Master of Science in Policy Analysis and Management from Cornell University, a Master of Arts from the Warsaw School of Economics, a Master of Laws from the University of Hamburg, and a Ph.D. in Policy Analysis and Management from Cornell University. He is also completing a bachelor\u2019s degree in law at the National Autonomous University of Mexico (UNAM). Jose is fluent in English, Spanish, and Portuguese, enabling him to effectively serve international clients. <\/span><\/p>\t\t\t\t\t\t\t\t<\/div>\n\t\t\t\t<\/div>\n\t\t\t\t\t<\/div>\n\t\t<\/div>\n\t\t\t\t<div class=\"elementor-column elementor-col-50 elementor-top-column elementor-element elementor-element-1b3f0bd sc_inner_width_none sc_content_align_inherit sc_layouts_column_icons_position_left sc_fly_static\" data-id=\"1b3f0bd\" data-element_type=\"column\">\n\t\t\t<div class=\"elementor-widget-wrap\">\n\t\t\t\t\t\t\t<\/div>\n\t\t<\/div>\n\t\t\t\t\t<\/div>\n\t\t<\/section>\n\t\t\t\t<\/div>","protected":false},"excerpt":{"rendered":"<p>Jose Balmori de la Miyar Jose Balmori de la Miyar OF COUNSEL jose.balmori@gritwood.mx Jose cuenta con m\u00e1s de diez a\u00f1os de experiencia en el sector de consultor\u00eda y academia. Como&hellip;<\/p>","protected":false},"author":1,"featured_media":0,"parent":0,"menu_order":0,"comment_status":"closed","ping_status":"closed","template":"","meta":{"footnotes":""},"class_list":["post-22777","page","type-page","status-publish","hentry"],"_links":{"self":[{"href":"https:\/\/gritwood.mx\/en\/wp-json\/wp\/v2\/pages\/22777","targetHints":{"allow":["GET"]}}],"collection":[{"href":"https:\/\/gritwood.mx\/en\/wp-json\/wp\/v2\/pages"}],"about":[{"href":"https:\/\/gritwood.mx\/en\/wp-json\/wp\/v2\/types\/page"}],"author":[{"embeddable":true,"href":"https:\/\/gritwood.mx\/en\/wp-json\/wp\/v2\/users\/1"}],"replies":[{"embeddable":true,"href":"https:\/\/gritwood.mx\/en\/wp-json\/wp\/v2\/comments?post=22777"}],"version-history":[{"count":20,"href":"https:\/\/gritwood.mx\/en\/wp-json\/wp\/v2\/pages\/22777\/revisions"}],"predecessor-version":[{"id":23187,"href":"https:\/\/gritwood.mx\/en\/wp-json\/wp\/v2\/pages\/22777\/revisions\/23187"}],"wp:attachment":[{"href":"https:\/\/gritwood.mx\/en\/wp-json\/wp\/v2\/media?parent=22777"}],"curies":[{"name":"wp","href":"https:\/\/api.w.org\/{rel}","templated":true}]}}