{"id":22791,"date":"2024-12-26T16:33:57","date_gmt":"2024-12-26T16:33:57","guid":{"rendered":"https:\/\/gritwood.mx\/?page_id=22791"},"modified":"2025-10-07T14:53:02","modified_gmt":"2025-10-07T20:53:02","slug":"karla-evelyn-carrillo-valor","status":"publish","type":"page","link":"https:\/\/gritwood.mx\/en\/karla-evelyn-carrillo-valor\/","title":{"rendered":"Gritwood: Karla Evelyn Carrillo Valor"},"content":{"rendered":"<div data-elementor-type=\"wp-page\" data-elementor-id=\"22791\" class=\"elementor elementor-22791\">\n\t\t\t\t\t\t<section class=\"elementor-section-with-custom-width elementor-section elementor-top-section elementor-element elementor-element-04633c4 elementor-section-boxed elementor-section-height-default elementor-section-height-default sc_fly_static\" data-id=\"04633c4\" data-element_type=\"section\" data-settings=\"{&quot;background_background&quot;:&quot;classic&quot;}\">\n\t\t\t\t\t\t<div class=\"elementor-container elementor-column-gap-extended\">\n\t\t\t\t\t<div class=\"elementor-column elementor-col-66 elementor-top-column elementor-element elementor-element-a6aaecd sc_inner_width_none sc_content_align_inherit sc_layouts_column_icons_position_left sc_fly_static\" data-id=\"a6aaecd\" data-element_type=\"column\">\n\t\t\t<div class=\"elementor-widget-wrap elementor-element-populated\">\n\t\t\t\t\t\t<div class=\"elementor-element elementor-element-051506b sc_fly_static elementor-widget elementor-widget-heading\" data-id=\"051506b\" data-element_type=\"widget\" data-widget_type=\"heading.default\">\n\t\t\t\t<div class=\"elementor-widget-container\">\n\t\t\t\t\t<h2 class=\"elementor-heading-title elementor-size-default\">Karla Evelyn Carrillo Valor<\/h2>\t\t\t\t<\/div>\n\t\t\t\t<\/div>\n\t\t\t\t<div class=\"elementor-element elementor-element-1204873 sc_fly_static elementor-widget elementor-widget-spacer\" data-id=\"1204873\" data-element_type=\"widget\" data-widget_type=\"spacer.default\">\n\t\t\t\t<div class=\"elementor-widget-container\">\n\t\t\t\t\t\t\t<div class=\"elementor-spacer\">\n\t\t\t<div class=\"elementor-spacer-inner\"><\/div>\n\t\t<\/div>\n\t\t\t\t\t\t<\/div>\n\t\t\t\t<\/div>\n\t\t\t\t<div class=\"elementor-element elementor-element-e3a0bce sc_fly_static elementor-widget elementor-widget-text-editor\" data-id=\"e3a0bce\" data-element_type=\"widget\" data-widget_type=\"text-editor.default\">\n\t\t\t\t<div class=\"elementor-widget-container\">\n\t\t\t\t\t\t\t\t\t<p>ASSOCIATE<\/p>\t\t\t\t\t\t\t\t<\/div>\n\t\t\t\t<\/div>\n\t\t\t\t<div class=\"elementor-element elementor-element-388a7a2 sc_fly_static elementor-widget elementor-widget-text-editor\" data-id=\"388a7a2\" data-element_type=\"widget\" data-widget_type=\"text-editor.default\">\n\t\t\t\t<div class=\"elementor-widget-container\">\n\t\t\t\t\t\t\t\t\t<p class=\"p1\">karla.carrillo@gritwood.mx<\/p>\t\t\t\t\t\t\t\t<\/div>\n\t\t\t\t<\/div>\n\t\t\t\t<div class=\"elementor-element elementor-element-13d7a2f sc_fly_static elementor-widget elementor-widget-spacer\" data-id=\"13d7a2f\" data-element_type=\"widget\" data-widget_type=\"spacer.default\">\n\t\t\t\t<div class=\"elementor-widget-container\">\n\t\t\t\t\t\t\t<div class=\"elementor-spacer\">\n\t\t\t<div class=\"elementor-spacer-inner\"><\/div>\n\t\t<\/div>\n\t\t\t\t\t\t<\/div>\n\t\t\t\t<\/div>\n\t\t\t\t<div class=\"elementor-element elementor-element-a351c24 sc_fly_static elementor-widget elementor-widget-text-editor\" data-id=\"a351c24\" data-element_type=\"widget\" data-widget_type=\"text-editor.default\">\n\t\t\t\t<div class=\"elementor-widget-container\">\n\t\t\t\t\t\t\t\t\t<p><span style=\"font-weight: 400;\">Karla holds a Law degree from the Technological University of Mexico, she is a specialist in Administrative Law and Public Procurement, with over 17 years of experience providing legal advisory and reviewing procurement procedures at all stages, including enforcement and termination.<\/span><\/p>\t\t\t\t\t\t\t\t<\/div>\n\t\t\t\t<\/div>\n\t\t\t\t\t<\/div>\n\t\t<\/div>\n\t\t\t\t<div class=\"elementor-column elementor-col-33 elementor-top-column elementor-element elementor-element-a14a752 sc_layouts_hide_on_tablet sc_layouts_hide_on_mobile sc_inner_width_none sc_content_align_inherit sc_layouts_column_icons_position_left sc_fly_static\" data-id=\"a14a752\" data-element_type=\"column\">\n\t\t\t<div class=\"elementor-widget-wrap elementor-element-populated\">\n\t\t\t\t\t\t<div class=\"elementor-element elementor-element-83be801 sc_layouts_hide_on_tablet sc_layouts_hide_on_mobile sc_fly_static elementor-widget elementor-widget-image\" data-id=\"83be801\" data-element_type=\"widget\" data-widget_type=\"image.default\">\n\t\t\t\t<div class=\"elementor-widget-container\">\n\t\t\t\t\t\t\t\t\t\t\t\t\t\t\t<img decoding=\"async\" width=\"150\" height=\"300\" src=\"https:\/\/gritwood.mx\/wp-content\/uploads\/2024\/06\/GW-monograma-blanco-lateral-thumb.png\" class=\"attachment-full size-full wp-image-22520\" alt=\"\" \/>\t\t\t\t\t\t\t\t\t\t\t\t\t\t\t<\/div>\n\t\t\t\t<\/div>\n\t\t\t\t\t<\/div>\n\t\t<\/div>\n\t\t\t\t\t<\/div>\n\t\t<\/section>\n\t\t\t\t<section class=\"elementor-section-with-custom-width elementor-section elementor-top-section elementor-element elementor-element-1db5f12 elementor-section-boxed elementor-section-height-default elementor-section-height-default sc_fly_static\" data-id=\"1db5f12\" data-element_type=\"section\" data-settings=\"{&quot;background_background&quot;:&quot;classic&quot;}\">\n\t\t\t\t\t\t<div class=\"elementor-container elementor-column-gap-extended\">\n\t\t\t\t\t<div class=\"elementor-column elementor-col-50 elementor-top-column elementor-element elementor-element-7a58bdd sc_inner_width_none sc_content_align_inherit sc_layouts_column_icons_position_left sc_fly_static\" data-id=\"7a58bdd\" data-element_type=\"column\">\n\t\t\t<div class=\"elementor-widget-wrap elementor-element-populated\">\n\t\t\t\t\t\t<div class=\"elementor-element elementor-element-f99d50d sc_fly_static elementor-widget elementor-widget-text-editor\" data-id=\"f99d50d\" data-element_type=\"widget\" data-widget_type=\"text-editor.default\">\n\t\t\t\t<div class=\"elementor-widget-container\">\n\t\t\t\t\t\t\t\t\t<p><span style=\"font-weight: 400;\">During her professional career, Karla collaborated with Pemex Exploration and Production, particularly in the Exploration Subdivision, managing procurement processes such as open tenders, referential agreements, simplified operations, requisitions, direct awards, and invitations to at least three entities, as well as specific contracts, agreements, and contracts with Pemex Procurement International, Inc., in accordance with the specific requirements of the associated areas. Karla oversaw the formalization, compliance, payment management, preparation of delivery records, and contract termination acts. Her experience in public procurement also includes monitoring Exploration and Extraction Contracts (CEE) and interacting with the National Hydrocarbons Commission (CNH).<\/span><\/p><p><span style=\"font-weight: 400;\">Karla has extensive experience managing audit processes, including those conducted by Internal Control Bodies and the Federal Audit Office.<\/span><\/p><p><span style=\"font-weight: 400;\">Her expertise includes the legal coordination and management of significant public contracts related to infrastructure projects under the direction of the Ministry of National Defense. She has advised and managed procurement processes, contract formalization, and agreements for landmark projects such as the Mayan Train Section 5 South, El Cuchillo Aqueduct, Campeche Light Rail, among others.<\/span><\/p>\t\t\t\t\t\t\t\t<\/div>\n\t\t\t\t<\/div>\n\t\t\t\t\t<\/div>\n\t\t<\/div>\n\t\t\t\t<div class=\"elementor-column elementor-col-50 elementor-top-column elementor-element elementor-element-1b3f0bd sc_inner_width_none sc_content_align_inherit sc_layouts_column_icons_position_left sc_fly_static\" data-id=\"1b3f0bd\" data-element_type=\"column\">\n\t\t\t<div class=\"elementor-widget-wrap\">\n\t\t\t\t\t\t\t<\/div>\n\t\t<\/div>\n\t\t\t\t\t<\/div>\n\t\t<\/section>\n\t\t\t\t<\/div>","protected":false},"excerpt":{"rendered":"<p>Karla Evelyn Carrillo Valor ASOCIADO karla.carrillo@gritwood.mx Karla, Licenciada en Derecho egresada de la Universidad Tecnol\u00f3gica de M\u00e9xico, es especialista en Derecho administrativo y contrataciones p\u00fablicas. Con m\u00e1s de 17 a\u00f1os&hellip;<\/p>","protected":false},"author":1,"featured_media":0,"parent":0,"menu_order":0,"comment_status":"closed","ping_status":"closed","template":"","meta":{"footnotes":""},"class_list":["post-22791","page","type-page","status-publish","hentry"],"_links":{"self":[{"href":"https:\/\/gritwood.mx\/en\/wp-json\/wp\/v2\/pages\/22791","targetHints":{"allow":["GET"]}}],"collection":[{"href":"https:\/\/gritwood.mx\/en\/wp-json\/wp\/v2\/pages"}],"about":[{"href":"https:\/\/gritwood.mx\/en\/wp-json\/wp\/v2\/types\/page"}],"author":[{"embeddable":true,"href":"https:\/\/gritwood.mx\/en\/wp-json\/wp\/v2\/users\/1"}],"replies":[{"embeddable":true,"href":"https:\/\/gritwood.mx\/en\/wp-json\/wp\/v2\/comments?post=22791"}],"version-history":[{"count":16,"href":"https:\/\/gritwood.mx\/en\/wp-json\/wp\/v2\/pages\/22791\/revisions"}],"predecessor-version":[{"id":23276,"href":"https:\/\/gritwood.mx\/en\/wp-json\/wp\/v2\/pages\/22791\/revisions\/23276"}],"wp:attachment":[{"href":"https:\/\/gritwood.mx\/en\/wp-json\/wp\/v2\/media?parent=22791"}],"curies":[{"name":"wp","href":"https:\/\/api.w.org\/{rel}","templated":true}]}}