{"id":22854,"date":"2024-12-26T23:36:27","date_gmt":"2024-12-26T23:36:27","guid":{"rendered":"https:\/\/gritwood.mx\/?page_id=22854"},"modified":"2025-10-07T14:57:47","modified_gmt":"2025-10-07T20:57:47","slug":"gritwood-arbitraje-comercial","status":"publish","type":"page","link":"https:\/\/gritwood.mx\/en\/gritwood-arbitraje-comercial\/","title":{"rendered":"Gritwood: Arbitraje Comercial"},"content":{"rendered":"<div data-elementor-type=\"wp-page\" data-elementor-id=\"22854\" class=\"elementor elementor-22854\">\n\t\t\t\t\t\t<section class=\"elementor-section-with-custom-width elementor-section elementor-top-section elementor-element elementor-element-1e04e5e elementor-section-boxed elementor-section-height-default elementor-section-height-default sc_fly_static\" data-id=\"1e04e5e\" data-element_type=\"section\" data-settings=\"{&quot;background_background&quot;:&quot;classic&quot;}\">\n\t\t\t\t\t\t<div class=\"elementor-container elementor-column-gap-extended\">\n\t\t\t\t\t<div class=\"elementor-column elementor-col-100 elementor-top-column elementor-element elementor-element-20c1f3c sc_inner_width_none sc_content_align_inherit sc_layouts_column_icons_position_left sc_fly_static\" data-id=\"20c1f3c\" data-element_type=\"column\">\n\t\t\t<div class=\"elementor-widget-wrap\">\n\t\t\t\t\t\t\t<\/div>\n\t\t<\/div>\n\t\t\t\t\t<\/div>\n\t\t<\/section>\n\t\t\t\t<section class=\"elementor-section-with-custom-width elementor-section elementor-top-section elementor-element elementor-element-4c1a713 elementor-section-boxed elementor-section-height-default elementor-section-height-default sc_fly_static\" data-id=\"4c1a713\" data-element_type=\"section\" data-settings=\"{&quot;background_background&quot;:&quot;classic&quot;}\">\n\t\t\t\t\t\t<div class=\"elementor-container elementor-column-gap-extended\">\n\t\t\t\t\t<div class=\"elementor-column elementor-col-50 elementor-top-column elementor-element elementor-element-49d20ce sc_inner_width_none sc_content_align_inherit sc_layouts_column_icons_position_left sc_fly_static\" data-id=\"49d20ce\" data-element_type=\"column\">\n\t\t\t<div class=\"elementor-widget-wrap elementor-element-populated\">\n\t\t\t\t\t\t<div class=\"elementor-element elementor-element-16519ee sc_fly_static elementor-widget elementor-widget-heading\" data-id=\"16519ee\" data-element_type=\"widget\" data-widget_type=\"heading.default\">\n\t\t\t\t<div class=\"elementor-widget-container\">\n\t\t\t\t\t<h2 class=\"elementor-heading-title elementor-size-default\">Commercial <\/h2>\t\t\t\t<\/div>\n\t\t\t\t<\/div>\n\t\t\t\t<div class=\"elementor-element elementor-element-c5c664b sc_fly_static elementor-widget elementor-widget-heading\" data-id=\"c5c664b\" data-element_type=\"widget\" data-widget_type=\"heading.default\">\n\t\t\t\t<div class=\"elementor-widget-container\">\n\t\t\t\t\t<h2 class=\"elementor-heading-title elementor-size-default\">Arbitration<\/h2>\t\t\t\t<\/div>\n\t\t\t\t<\/div>\n\t\t\t\t<div class=\"elementor-element elementor-element-6783759 elementor-widget-divider--view-line sc_fly_static elementor-widget elementor-widget-divider\" data-id=\"6783759\" data-element_type=\"widget\" data-widget_type=\"divider.default\">\n\t\t\t\t<div class=\"elementor-widget-container\">\n\t\t\t\t\t\t\t<div class=\"elementor-divider\">\n\t\t\t<span class=\"elementor-divider-separator\">\n\t\t\t\t\t\t<\/span>\n\t\t<\/div>\n\t\t\t\t\t\t<\/div>\n\t\t\t\t<\/div>\n\t\t\t\t<div class=\"elementor-element elementor-element-7cff13a sc_fly_static elementor-widget elementor-widget-spacer\" data-id=\"7cff13a\" data-element_type=\"widget\" data-widget_type=\"spacer.default\">\n\t\t\t\t<div class=\"elementor-widget-container\">\n\t\t\t\t\t\t\t<div class=\"elementor-spacer\">\n\t\t\t<div class=\"elementor-spacer-inner\"><\/div>\n\t\t<\/div>\n\t\t\t\t\t\t<\/div>\n\t\t\t\t<\/div>\n\t\t\t\t<div class=\"elementor-element elementor-element-3410f0d sc_fly_static elementor-widget elementor-widget-text-editor\" data-id=\"3410f0d\" data-element_type=\"widget\" data-widget_type=\"text-editor.default\">\n\t\t\t\t<div class=\"elementor-widget-container\">\n\t\t\t\t\t\t\t\t\t<p><span style=\"font-weight: 400;\">As an alternative dispute resolution method, arbitration has positioned itself in Mexico and globally as a useful and practical mechanism in comparison to traditional litigation. In this area, we possess deep knowledge and experience in landmark cases. Our lawyers have participated in some of the most significant national and international arbitrations in Mexico, both due to their complexity and the amounts involved. This experience places us as strategic advisors in the drafting of arbitration clauses, dispute prevention, and legal representation throughout all stages of arbitration.<\/span><\/p>\n<p><span style=\"font-weight: 400;\">We have participated in arbitrations under various national and international rules, including those of the International Chamber of Commerce (ICC), the London Court of International Arbitration (LCIA), the International Centre for Dispute Resolution (ICDR), the American Arbitration Association (AAA), the National Chamber of Commerce of Mexico City (CANACO), the Arbitration Center of Mexico (CAM), among others.<\/span><\/p>\n<p><span style=\"font-weight: 400;\">Our experience covers litigation in national courts for the enforcement of interim measures, enforcement of national and international arbitral awards, annulment of arbitral awards, as party counsel in national and international arbitrations, arbitrators in arbitral tribunals, and legal and financial experts in arbitration procedures.<\/span><\/p>\n<p><span style=\"font-weight: 400;\">Some of the most frequent industries in which we have participated include international sales, constructure, infrastructure, energy, post-M&amp;A, insurance, and reinsurance.&nbsp;<\/span><\/p>\n<p><span style=\"font-weight: 400;\">Additionally, for certain complex matters, we collaborate with various national and international firms as co-counsel.<\/span><\/p>\t\t\t\t\t\t\t\t<\/div>\n\t\t\t\t<\/div>\n\t\t\t\t\t<\/div>\n\t\t<\/div>\n\t\t\t\t<div class=\"elementor-column elementor-col-50 elementor-top-column elementor-element elementor-element-5c64682 sc_inner_width_none sc_content_align_inherit sc_layouts_column_icons_position_left sc_fly_static\" data-id=\"5c64682\" data-element_type=\"column\">\n\t\t\t<div class=\"elementor-widget-wrap\">\n\t\t\t\t\t\t\t<\/div>\n\t\t<\/div>\n\t\t\t\t\t<\/div>\n\t\t<\/section>\n\t\t\t\t<\/div>","protected":false},"excerpt":{"rendered":"<p>Arbitraje comercial Como m\u00e9todo alterno de soluci\u00f3n de controversias, el arbitraje se ha posicionado en M\u00e9xico y en el mundo como un mecanismo \u00fatil y pr\u00e1ctico frente al litigio tradicional.&hellip;<\/p>","protected":false},"author":1,"featured_media":0,"parent":0,"menu_order":0,"comment_status":"closed","ping_status":"closed","template":"","meta":{"footnotes":""},"class_list":["post-22854","page","type-page","status-publish","hentry"],"_links":{"self":[{"href":"https:\/\/gritwood.mx\/en\/wp-json\/wp\/v2\/pages\/22854","targetHints":{"allow":["GET"]}}],"collection":[{"href":"https:\/\/gritwood.mx\/en\/wp-json\/wp\/v2\/pages"}],"about":[{"href":"https:\/\/gritwood.mx\/en\/wp-json\/wp\/v2\/types\/page"}],"author":[{"embeddable":true,"href":"https:\/\/gritwood.mx\/en\/wp-json\/wp\/v2\/users\/1"}],"replies":[{"embeddable":true,"href":"https:\/\/gritwood.mx\/en\/wp-json\/wp\/v2\/comments?post=22854"}],"version-history":[{"count":23,"href":"https:\/\/gritwood.mx\/en\/wp-json\/wp\/v2\/pages\/22854\/revisions"}],"predecessor-version":[{"id":23282,"href":"https:\/\/gritwood.mx\/en\/wp-json\/wp\/v2\/pages\/22854\/revisions\/23282"}],"wp:attachment":[{"href":"https:\/\/gritwood.mx\/en\/wp-json\/wp\/v2\/media?parent=22854"}],"curies":[{"name":"wp","href":"https:\/\/api.w.org\/{rel}","templated":true}]}}