{"id":22868,"date":"2024-12-27T22:07:01","date_gmt":"2024-12-27T22:07:01","guid":{"rendered":"https:\/\/gritwood.mx\/?page_id=22868"},"modified":"2024-12-27T22:10:29","modified_gmt":"2024-12-27T22:10:29","slug":"gritwood-industrias","status":"publish","type":"page","link":"https:\/\/gritwood.mx\/en\/gritwood-industrias\/","title":{"rendered":"Gritwood: Industrias"},"content":{"rendered":"<div data-elementor-type=\"wp-page\" data-elementor-id=\"22868\" class=\"elementor elementor-22868\">\n\t\t\t\t\t\t<section class=\"elementor-section-with-custom-width elementor-section elementor-top-section elementor-element elementor-element-697a0e3 elementor-section-boxed elementor-section-height-default elementor-section-height-default sc_fly_static\" data-id=\"697a0e3\" data-element_type=\"section\" data-settings=\"{&quot;background_background&quot;:&quot;classic&quot;}\">\n\t\t\t\t\t\t<div class=\"elementor-container elementor-column-gap-extended\">\n\t\t\t\t\t<div class=\"elementor-column elementor-col-100 elementor-top-column elementor-element elementor-element-ead604a sc_inner_width_none sc_content_align_inherit sc_layouts_column_icons_position_left sc_fly_static\" data-id=\"ead604a\" data-element_type=\"column\">\n\t\t\t<div class=\"elementor-widget-wrap elementor-element-populated\">\n\t\t\t\t\t\t<div class=\"elementor-element elementor-element-f7f40c9 sc_fly_static elementor-widget elementor-widget-heading\" data-id=\"f7f40c9\" data-element_type=\"widget\" data-widget_type=\"heading.default\">\n\t\t\t\t<div class=\"elementor-widget-container\">\n\t\t\t\t\t<h2 class=\"elementor-heading-title elementor-size-default\">Industries<\/h2>\t\t\t\t<\/div>\n\t\t\t\t<\/div>\n\t\t\t\t<div class=\"elementor-element elementor-element-b4f7a24 sc_fly_static elementor-widget elementor-widget-spacer\" data-id=\"b4f7a24\" data-element_type=\"widget\" data-widget_type=\"spacer.default\">\n\t\t\t\t<div class=\"elementor-widget-container\">\n\t\t\t\t\t\t\t<div class=\"elementor-spacer\">\n\t\t\t<div class=\"elementor-spacer-inner\"><\/div>\n\t\t<\/div>\n\t\t\t\t\t\t<\/div>\n\t\t\t\t<\/div>\n\t\t\t\t<div class=\"elementor-element elementor-element-71a0db4 sc_fly_static elementor-widget elementor-widget-text-editor\" data-id=\"71a0db4\" data-element_type=\"widget\" data-widget_type=\"text-editor.default\">\n\t\t\t\t<div class=\"elementor-widget-container\">\n\t\t\t\t\t\t\t\t\t<p><span style=\"font-weight: 400;\">As a specialized firm, we focus on conflict resolution across a variety of industries:<\/span><\/p>\t\t\t\t\t\t\t\t<\/div>\n\t\t\t\t<\/div>\n\t\t\t\t<div class=\"elementor-element elementor-element-047f443 sc_fly_static elementor-widget elementor-widget-spacer\" data-id=\"047f443\" data-element_type=\"widget\" data-widget_type=\"spacer.default\">\n\t\t\t\t<div class=\"elementor-widget-container\">\n\t\t\t\t\t\t\t<div class=\"elementor-spacer\">\n\t\t\t<div class=\"elementor-spacer-inner\"><\/div>\n\t\t<\/div>\n\t\t\t\t\t\t<\/div>\n\t\t\t\t<\/div>\n\t\t\t\t<div class=\"elementor-element elementor-element-ec87d9c elementor-widget-divider--view-line sc_fly_static elementor-widget elementor-widget-divider\" data-id=\"ec87d9c\" data-element_type=\"widget\" data-widget_type=\"divider.default\">\n\t\t\t\t<div class=\"elementor-widget-container\">\n\t\t\t\t\t\t\t<div class=\"elementor-divider\">\n\t\t\t<span class=\"elementor-divider-separator\">\n\t\t\t\t\t\t<\/span>\n\t\t<\/div>\n\t\t\t\t\t\t<\/div>\n\t\t\t\t<\/div>\n\t\t\t\t\t<\/div>\n\t\t<\/div>\n\t\t\t\t\t<\/div>\n\t\t<\/section>\n\t\t\t\t<section class=\"elementor-section-with-custom-width elementor-section elementor-top-section elementor-element elementor-element-4b0896b elementor-section-boxed elementor-section-height-default elementor-section-height-default sc_fly_static\" data-id=\"4b0896b\" data-element_type=\"section\" data-settings=\"{&quot;background_background&quot;:&quot;classic&quot;}\">\n\t\t\t\t\t\t<div class=\"elementor-container elementor-column-gap-extended\">\n\t\t\t\t\t<div class=\"elementor-column elementor-col-50 elementor-top-column elementor-element elementor-element-3e8c16f sc_inner_width_none sc_content_align_inherit sc_layouts_column_icons_position_left sc_fly_static\" data-id=\"3e8c16f\" data-element_type=\"column\">\n\t\t\t<div class=\"elementor-widget-wrap elementor-element-populated\">\n\t\t\t\t\t\t<div class=\"elementor-element elementor-element-d436974 sc_fly_static elementor-widget elementor-widget-text-editor\" data-id=\"d436974\" data-element_type=\"widget\" data-widget_type=\"text-editor.default\">\n\t\t\t\t<div class=\"elementor-widget-container\">\n\t\t\t\t\t\t\t\t\t<p><span style=\"font-weight: 400;\">Automotive<\/span><\/p><p><span style=\"font-weight: 400;\">Construction and Infrastructure<\/span><\/p><p><span style=\"font-weight: 400;\">Electric and Renewable Energy<\/span><\/p><p><span style=\"font-weight: 400;\">Entertainment and Media<\/span><\/p><p><span style=\"font-weight: 400;\">Pharmaceuticals and Biotechnology<\/span><\/p><p><span style=\"font-weight: 400;\">Franchises and Distribution<\/span><\/p>\t\t\t\t\t\t\t\t<\/div>\n\t\t\t\t<\/div>\n\t\t\t\t\t<\/div>\n\t\t<\/div>\n\t\t\t\t<div class=\"elementor-column elementor-col-50 elementor-top-column elementor-element elementor-element-52299b7 sc_inner_width_none sc_content_align_inherit sc_layouts_column_icons_position_left sc_fly_static\" data-id=\"52299b7\" data-element_type=\"column\">\n\t\t\t<div class=\"elementor-widget-wrap elementor-element-populated\">\n\t\t\t\t\t\t<div class=\"elementor-element elementor-element-bb92b47 sc_fly_static elementor-widget elementor-widget-text-editor\" data-id=\"bb92b47\" data-element_type=\"widget\" data-widget_type=\"text-editor.default\">\n\t\t\t\t<div class=\"elementor-widget-container\">\n\t\t\t\t\t\t\t\t\t<p><span style=\"font-weight: 400;\">Oil and Gas<\/span><\/p><p><span style=\"font-weight: 400;\">Consumer Products and Retail<\/span><\/p><p><span style=\"font-weight: 400;\">Telecommunications and Digital Media<\/span><\/p><p><span style=\"font-weight: 400;\">Transportation and Logistics<\/span><\/p><p><span style=\"font-weight: 400;\">Financial Services and Insurance<\/span><\/p><p><span style=\"font-weight: 400;\">Information and Communication Technology Services<\/span><\/p>\t\t\t\t\t\t\t\t<\/div>\n\t\t\t\t<\/div>\n\t\t\t\t\t<\/div>\n\t\t<\/div>\n\t\t\t\t\t<\/div>\n\t\t<\/section>\n\t\t\t\t<\/div>","protected":false},"excerpt":{"rendered":"<p>Industrias Como despacho especializado, nos enfocamos en la resoluci\u00f3n de conflictos en una variedad de industrias: Autotransporte Construcci\u00f3n e Infraestructura Energ\u00eda El\u00e9ctrica y Renovables Entretenimiento y Medios Farmac\u00e9utica y Biotecnolog\u00eda&hellip;<\/p>","protected":false},"author":1,"featured_media":0,"parent":0,"menu_order":0,"comment_status":"closed","ping_status":"closed","template":"","meta":{"footnotes":""},"class_list":["post-22868","page","type-page","status-publish","hentry"],"_links":{"self":[{"href":"https:\/\/gritwood.mx\/en\/wp-json\/wp\/v2\/pages\/22868","targetHints":{"allow":["GET"]}}],"collection":[{"href":"https:\/\/gritwood.mx\/en\/wp-json\/wp\/v2\/pages"}],"about":[{"href":"https:\/\/gritwood.mx\/en\/wp-json\/wp\/v2\/types\/page"}],"author":[{"embeddable":true,"href":"https:\/\/gritwood.mx\/en\/wp-json\/wp\/v2\/users\/1"}],"replies":[{"embeddable":true,"href":"https:\/\/gritwood.mx\/en\/wp-json\/wp\/v2\/comments?post=22868"}],"version-history":[{"count":4,"href":"https:\/\/gritwood.mx\/en\/wp-json\/wp\/v2\/pages\/22868\/revisions"}],"predecessor-version":[{"id":22872,"href":"https:\/\/gritwood.mx\/en\/wp-json\/wp\/v2\/pages\/22868\/revisions\/22872"}],"wp:attachment":[{"href":"https:\/\/gritwood.mx\/en\/wp-json\/wp\/v2\/media?parent=22868"}],"curies":[{"name":"wp","href":"https:\/\/api.w.org\/{rel}","templated":true}]}}