{"id":22942,"date":"2024-12-30T22:23:09","date_gmt":"2024-12-30T22:23:09","guid":{"rendered":"https:\/\/gritwood.mx\/?page_id=22942"},"modified":"2025-10-07T15:08:01","modified_gmt":"2025-10-07T21:08:01","slug":"gritwood-arbitraje-de-inversion","status":"publish","type":"page","link":"https:\/\/gritwood.mx\/en\/gritwood-arbitraje-de-inversion\/","title":{"rendered":"Gritwood: Arbitraje de Inversi\u00f3n"},"content":{"rendered":"<div data-elementor-type=\"wp-page\" data-elementor-id=\"22942\" class=\"elementor elementor-22942\">\n\t\t\t\t\t\t<section class=\"elementor-section-with-custom-width elementor-section elementor-top-section elementor-element elementor-element-1e04e5e elementor-section-boxed elementor-section-height-default elementor-section-height-default sc_fly_static\" data-id=\"1e04e5e\" data-element_type=\"section\" data-settings=\"{&quot;background_background&quot;:&quot;classic&quot;}\">\n\t\t\t\t\t\t<div class=\"elementor-container elementor-column-gap-extended\">\n\t\t\t\t\t<div class=\"elementor-column elementor-col-100 elementor-top-column elementor-element elementor-element-20c1f3c sc_inner_width_none sc_content_align_inherit sc_layouts_column_icons_position_left sc_fly_static\" data-id=\"20c1f3c\" data-element_type=\"column\">\n\t\t\t<div class=\"elementor-widget-wrap\">\n\t\t\t\t\t\t\t<\/div>\n\t\t<\/div>\n\t\t\t\t\t<\/div>\n\t\t<\/section>\n\t\t\t\t<section class=\"elementor-section-with-custom-width elementor-section elementor-top-section elementor-element elementor-element-4c1a713 elementor-section-boxed elementor-section-height-default elementor-section-height-default sc_fly_static\" data-id=\"4c1a713\" data-element_type=\"section\" data-settings=\"{&quot;background_background&quot;:&quot;classic&quot;}\">\n\t\t\t\t\t\t<div class=\"elementor-container elementor-column-gap-extended\">\n\t\t\t\t\t<div class=\"elementor-column elementor-col-50 elementor-top-column elementor-element elementor-element-49d20ce sc_inner_width_none sc_content_align_inherit sc_layouts_column_icons_position_left sc_fly_static\" data-id=\"49d20ce\" data-element_type=\"column\">\n\t\t\t<div class=\"elementor-widget-wrap elementor-element-populated\">\n\t\t\t\t\t\t<div class=\"elementor-element elementor-element-8cf25da sc_fly_static elementor-widget elementor-widget-heading\" data-id=\"8cf25da\" data-element_type=\"widget\" data-widget_type=\"heading.default\">\n\t\t\t\t<div class=\"elementor-widget-container\">\n\t\t\t\t\t<h2 class=\"elementor-heading-title elementor-size-default\">Commercial <\/h2>\t\t\t\t<\/div>\n\t\t\t\t<\/div>\n\t\t\t\t<div class=\"elementor-element elementor-element-505cd45 sc_fly_static elementor-widget elementor-widget-heading\" data-id=\"505cd45\" data-element_type=\"widget\" data-widget_type=\"heading.default\">\n\t\t\t\t<div class=\"elementor-widget-container\">\n\t\t\t\t\t<h2 class=\"elementor-heading-title elementor-size-default\">Arbitration<\/h2>\t\t\t\t<\/div>\n\t\t\t\t<\/div>\n\t\t\t\t<div class=\"elementor-element elementor-element-6783759 elementor-widget-divider--view-line sc_fly_static elementor-widget elementor-widget-divider\" data-id=\"6783759\" data-element_type=\"widget\" data-widget_type=\"divider.default\">\n\t\t\t\t<div class=\"elementor-widget-container\">\n\t\t\t\t\t\t\t<div class=\"elementor-divider\">\n\t\t\t<span class=\"elementor-divider-separator\">\n\t\t\t\t\t\t<\/span>\n\t\t<\/div>\n\t\t\t\t\t\t<\/div>\n\t\t\t\t<\/div>\n\t\t\t\t<div class=\"elementor-element elementor-element-7cff13a sc_fly_static elementor-widget elementor-widget-spacer\" data-id=\"7cff13a\" data-element_type=\"widget\" data-widget_type=\"spacer.default\">\n\t\t\t\t<div class=\"elementor-widget-container\">\n\t\t\t\t\t\t\t<div class=\"elementor-spacer\">\n\t\t\t<div class=\"elementor-spacer-inner\"><\/div>\n\t\t<\/div>\n\t\t\t\t\t\t<\/div>\n\t\t\t\t<\/div>\n\t\t\t\t<div class=\"elementor-element elementor-element-3410f0d sc_fly_static elementor-widget elementor-widget-text-editor\" data-id=\"3410f0d\" data-element_type=\"widget\" data-widget_type=\"text-editor.default\">\n\t\t\t\t<div class=\"elementor-widget-container\">\n\t\t\t\t\t\t\t\t\t<p><span style=\"font-weight: 400;\">We are experts in investment arbitration, also known as Investor-State Dispute Settlement (ISDS). This advanced mechanism allows for the resolution of disputes between foreign investors and the host states. Originally designed to address conflicts that historically generated political and economic tensions due to issues of national sovereignty and strong economic interests, the system has expanded globally to facilitate greater capital flow between economies.<\/span><\/p>\n<p><span style=\"font-weight: 400;\">In the case of Mexico, Investment Arbitration is widely established, with nearly 30 Bilateral Investment Treaties (BITs) signed and approximately 13 Free Trade Agreements, most of which include an investment chapter. The most common protections in these international instruments include National Treatment and Most-Favored-Nation Treatment, protection against direct or indirect expropriation without compensation, transparency and predictability of the legal framework, access to investment arbitration, prohibition of performance requirements, repatriation of capital, umbrella clauses, among others.&nbsp;<\/span><\/p>\n<p><span style=\"font-weight: 400;\">Due to the nature of these disputes, they typically begin with administrative and\/or legislative actions by the State that undermine the economic interests of foreign investments in Mexico. Therefore, attention to such disputes starts early, carefully managing every aspect of domestic administrative litigation until it becomes an investment arbitration.&nbsp;<\/span><\/p>\n<p><span style=\"font-weight: 400;\">Our lawyers have the experience to identify and address investment disputes at an early stage to prepare the best legal strategy for investment arbitration. As part of the services we offer, in addition to legal representation, we assist clients with financing the dispute through external funders.&nbsp;<\/span><\/p>\t\t\t\t\t\t\t\t<\/div>\n\t\t\t\t<\/div>\n\t\t\t\t\t<\/div>\n\t\t<\/div>\n\t\t\t\t<div class=\"elementor-column elementor-col-50 elementor-top-column elementor-element elementor-element-5c64682 sc_inner_width_none sc_content_align_inherit sc_layouts_column_icons_position_left sc_fly_static\" data-id=\"5c64682\" data-element_type=\"column\">\n\t\t\t<div class=\"elementor-widget-wrap\">\n\t\t\t\t\t\t\t<\/div>\n\t\t<\/div>\n\t\t\t\t\t<\/div>\n\t\t<\/section>\n\t\t\t\t<\/div>","protected":false},"excerpt":{"rendered":"<p>Arbitraje de inversi\u00f3n Somos expertos en arbitraje de inversi\u00f3n, tambi\u00e9n conocido como Soluci\u00f3n de Controversias Inversionista-Estado (ISDS). Este mecanismo avanzado permite resolver disputas entre inversionistas extranjeros y los Estados receptores&hellip;<\/p>","protected":false},"author":1,"featured_media":0,"parent":0,"menu_order":0,"comment_status":"closed","ping_status":"closed","template":"","meta":{"footnotes":""},"class_list":["post-22942","page","type-page","status-publish","hentry"],"_links":{"self":[{"href":"https:\/\/gritwood.mx\/en\/wp-json\/wp\/v2\/pages\/22942","targetHints":{"allow":["GET"]}}],"collection":[{"href":"https:\/\/gritwood.mx\/en\/wp-json\/wp\/v2\/pages"}],"about":[{"href":"https:\/\/gritwood.mx\/en\/wp-json\/wp\/v2\/types\/page"}],"author":[{"embeddable":true,"href":"https:\/\/gritwood.mx\/en\/wp-json\/wp\/v2\/users\/1"}],"replies":[{"embeddable":true,"href":"https:\/\/gritwood.mx\/en\/wp-json\/wp\/v2\/comments?post=22942"}],"version-history":[{"count":15,"href":"https:\/\/gritwood.mx\/en\/wp-json\/wp\/v2\/pages\/22942\/revisions"}],"predecessor-version":[{"id":23288,"href":"https:\/\/gritwood.mx\/en\/wp-json\/wp\/v2\/pages\/22942\/revisions\/23288"}],"wp:attachment":[{"href":"https:\/\/gritwood.mx\/en\/wp-json\/wp\/v2\/media?parent=22942"}],"curies":[{"name":"wp","href":"https:\/\/api.w.org\/{rel}","templated":true}]}}