{"id":22951,"date":"2024-12-30T22:26:39","date_gmt":"2024-12-30T22:26:39","guid":{"rendered":"https:\/\/gritwood.mx\/?page_id=22951"},"modified":"2026-03-20T08:58:30","modified_gmt":"2026-03-20T14:58:30","slug":"gritwood-litigio-administrativo-y-constitucional","status":"publish","type":"page","link":"https:\/\/gritwood.mx\/en\/gritwood-litigio-administrativo-y-constitucional\/","title":{"rendered":"Gritwood: Litigio Administrativo y Constitucional"},"content":{"rendered":"<div data-elementor-type=\"wp-page\" data-elementor-id=\"22951\" class=\"elementor elementor-22951\">\n\t\t\t\t\t\t<section class=\"elementor-section-with-custom-width elementor-section elementor-top-section elementor-element elementor-element-1e04e5e elementor-section-boxed elementor-section-height-default elementor-section-height-default sc_fly_static\" data-id=\"1e04e5e\" data-element_type=\"section\" data-settings=\"{&quot;background_background&quot;:&quot;classic&quot;}\">\n\t\t\t\t\t\t<div class=\"elementor-container elementor-column-gap-extended\">\n\t\t\t\t\t<div class=\"elementor-column elementor-col-100 elementor-top-column elementor-element elementor-element-20c1f3c sc_inner_width_none sc_content_align_inherit sc_layouts_column_icons_position_left sc_fly_static\" data-id=\"20c1f3c\" data-element_type=\"column\">\n\t\t\t<div class=\"elementor-widget-wrap\">\n\t\t\t\t\t\t\t<\/div>\n\t\t<\/div>\n\t\t\t\t\t<\/div>\n\t\t<\/section>\n\t\t\t\t<section class=\"elementor-section-with-custom-width elementor-section elementor-top-section elementor-element elementor-element-4c1a713 elementor-section-boxed elementor-section-height-default elementor-section-height-default sc_fly_static\" data-id=\"4c1a713\" data-element_type=\"section\" data-settings=\"{&quot;background_background&quot;:&quot;classic&quot;}\">\n\t\t\t\t\t\t<div class=\"elementor-container elementor-column-gap-extended\">\n\t\t\t\t\t<div class=\"elementor-column elementor-col-50 elementor-top-column elementor-element elementor-element-49d20ce sc_inner_width_none sc_content_align_inherit sc_layouts_column_icons_position_left sc_fly_static\" data-id=\"49d20ce\" data-element_type=\"column\">\n\t\t\t<div class=\"elementor-widget-wrap elementor-element-populated\">\n\t\t\t\t\t\t<div class=\"elementor-element elementor-element-2913ae6 sc_fly_static elementor-widget elementor-widget-heading\" data-id=\"2913ae6\" data-element_type=\"widget\" data-widget_type=\"heading.default\">\n\t\t\t\t<div class=\"elementor-widget-container\">\n\t\t\t\t\t<h2 class=\"elementor-heading-title elementor-size-default\">Administrative and<\/h2>\t\t\t\t<\/div>\n\t\t\t\t<\/div>\n\t\t\t\t<div class=\"elementor-element elementor-element-4e28ecb sc_fly_static elementor-widget elementor-widget-heading\" data-id=\"4e28ecb\" data-element_type=\"widget\" data-widget_type=\"heading.default\">\n\t\t\t\t<div class=\"elementor-widget-container\">\n\t\t\t\t\t<h2 class=\"elementor-heading-title elementor-size-default\">Constitutional Litigation<\/h2>\t\t\t\t<\/div>\n\t\t\t\t<\/div>\n\t\t\t\t<div class=\"elementor-element elementor-element-6783759 elementor-widget-divider--view-line sc_fly_static elementor-widget elementor-widget-divider\" data-id=\"6783759\" data-element_type=\"widget\" data-widget_type=\"divider.default\">\n\t\t\t\t<div class=\"elementor-widget-container\">\n\t\t\t\t\t\t\t<div class=\"elementor-divider\">\n\t\t\t<span class=\"elementor-divider-separator\">\n\t\t\t\t\t\t<\/span>\n\t\t<\/div>\n\t\t\t\t\t\t<\/div>\n\t\t\t\t<\/div>\n\t\t\t\t<div class=\"elementor-element elementor-element-7cff13a sc_fly_static elementor-widget elementor-widget-spacer\" data-id=\"7cff13a\" data-element_type=\"widget\" data-widget_type=\"spacer.default\">\n\t\t\t\t<div class=\"elementor-widget-container\">\n\t\t\t\t\t\t\t<div class=\"elementor-spacer\">\n\t\t\t<div class=\"elementor-spacer-inner\"><\/div>\n\t\t<\/div>\n\t\t\t\t\t\t<\/div>\n\t\t\t\t<\/div>\n\t\t\t\t<div class=\"elementor-element elementor-element-3410f0d sc_fly_static elementor-widget elementor-widget-text-editor\" data-id=\"3410f0d\" data-element_type=\"widget\" data-widget_type=\"text-editor.default\">\n\t\t\t\t<div class=\"elementor-widget-container\">\n\t\t\t\t\t\t\t\t\t<p><span style=\"font-weight: 400;\">We have extensive experience in administrative and constitutional litigation across various areas and industries. Our lawyers have unparallel expertise in this field and vast experience in handling administrative procedures before government authorities at all levels (federal, state, and municipal), contentious administrative proceedings before the Federal Court of Administrative Justice and local courts, as well as constitutional reviews before the Federal Judiciary. Some of the administrative and constitutional litigation services we offer include:&nbsp;<\/span><\/p>\n<ul>\n<li style=\"font-weight: 400;\" aria-level=\"1\"><span style=\"font-weight: 400;\">Strategic analysis of general norms, regulatory improvement, and public policy design.<\/span><\/li>\n<\/ul>\n<ul>\n<li style=\"font-weight: 400;\" aria-level=\"1\"><span style=\"font-weight: 400;\">Review of the constitutionality of laws, regulations, general norms, government acts, and any administrative actions.&nbsp;<\/span><\/li>\n<\/ul>\n<ul>\n<li style=\"font-weight: 400;\" aria-level=\"1\"><span style=\"font-weight: 400;\">Assistance at any stage of administrative proceedings, whether initiated by request or ex officio by authorities.<\/span><\/li>\n<\/ul>\n<ul>\n<li style=\"font-weight: 400;\" aria-level=\"1\"><span style=\"font-weight: 400;\">Negotiations and conciliations with administrative authorities concerning the obtaining, suspension, revocation, or cancellation of permits, authorizations, and licenses.&nbsp;<\/span><\/li>\n<\/ul>\n<ul>\n<li style=\"font-weight: 400;\" aria-level=\"1\"><span style=\"font-weight: 400;\">Asesor\u00eda en procedimientos de contrataci\u00f3n p\u00fablica, interposici\u00f3n de inconformidades, conciliaciones, finiquitos, terminaciones anticipadas, rescisiones administrativas, incumplimientos y recuperaci\u00f3n de adeudos.&nbsp;<\/span><\/li>\n<\/ul>\n<ul>\n<li style=\"font-weight: 400;\" aria-level=\"1\"><span style=\"font-weight: 400;\">Defense against fines, sanctions, and disqualifications imposed by administrative authorities.<\/span><\/li>\n<\/ul>\n<ul>\n<li style=\"font-weight: 400;\" aria-level=\"1\"><span style=\"font-weight: 400;\">Combat activities involving third parties that involve the intervention of administrative authorities.&nbsp;<\/span><\/li>\n<\/ul>\n<ul>\n<li style=\"font-weight: 400;\" aria-level=\"1\"><span style=\"font-weight: 400;\">Defense of concessions, allocations of public domain goods such as infrastructure, natural resources, or public services.<\/span><\/li>\n<\/ul>\n<ul>\n<li style=\"font-weight: 400;\" aria-level=\"1\"><span style=\"font-weight: 400;\">Claims for state liability.&nbsp;<\/span><\/li>\n<\/ul>\n<ul>\n<li style=\"font-weight: 400;\" aria-level=\"1\"><span style=\"font-weight: 400;\">Atenci\u00f3n a procedimientos de investigaci\u00f3n y auditor\u00eda iniciados por la Auditor\u00eda Superior de la Federaci\u00f3n, las Auditorias Estatales, los \u00d3rganos Internos de Control.<\/span><\/li>\n<\/ul>\n<p><span style=\"font-weight: 400;\">Some of the administrative areas in which we have extensive experience include railways, highways, ports, airports, mineral extraction, oil, gas, water, energy generation, telecommunications, public transportation, health control, pharmaceuticals, environmental, patents, trademarks, and others.<\/span><\/p>\t\t\t\t\t\t\t\t<\/div>\n\t\t\t\t<\/div>\n\t\t\t\t\t<\/div>\n\t\t<\/div>\n\t\t\t\t<div class=\"elementor-column elementor-col-50 elementor-top-column elementor-element elementor-element-5c64682 sc_inner_width_none sc_content_align_inherit sc_layouts_column_icons_position_left sc_fly_static\" data-id=\"5c64682\" data-element_type=\"column\">\n\t\t\t<div class=\"elementor-widget-wrap\">\n\t\t\t\t\t\t\t<\/div>\n\t\t<\/div>\n\t\t\t\t\t<\/div>\n\t\t<\/section>\n\t\t\t\t<\/div>","protected":false},"excerpt":{"rendered":"<p>Litigio administrativo y constitucional Tenemos amplia experiencia en litigio administrativo y constitucional en diversas materias e industrias. Nuestros abogados tienen un conocimiento sin igual en esta materia y tienen extensa&hellip;<\/p>","protected":false},"author":1,"featured_media":0,"parent":0,"menu_order":0,"comment_status":"closed","ping_status":"closed","template":"","meta":{"footnotes":""},"class_list":["post-22951","page","type-page","status-publish","hentry"],"_links":{"self":[{"href":"https:\/\/gritwood.mx\/en\/wp-json\/wp\/v2\/pages\/22951","targetHints":{"allow":["GET"]}}],"collection":[{"href":"https:\/\/gritwood.mx\/en\/wp-json\/wp\/v2\/pages"}],"about":[{"href":"https:\/\/gritwood.mx\/en\/wp-json\/wp\/v2\/types\/page"}],"author":[{"embeddable":true,"href":"https:\/\/gritwood.mx\/en\/wp-json\/wp\/v2\/users\/1"}],"replies":[{"embeddable":true,"href":"https:\/\/gritwood.mx\/en\/wp-json\/wp\/v2\/comments?post=22951"}],"version-history":[{"count":13,"href":"https:\/\/gritwood.mx\/en\/wp-json\/wp\/v2\/pages\/22951\/revisions"}],"predecessor-version":[{"id":23331,"href":"https:\/\/gritwood.mx\/en\/wp-json\/wp\/v2\/pages\/22951\/revisions\/23331"}],"wp:attachment":[{"href":"https:\/\/gritwood.mx\/en\/wp-json\/wp\/v2\/media?parent=22951"}],"curies":[{"name":"wp","href":"https:\/\/api.w.org\/{rel}","templated":true}]}}