{"id":23337,"date":"2026-04-23T14:17:09","date_gmt":"2026-04-23T20:17:09","guid":{"rendered":"https:\/\/gritwood.mx\/?page_id=23337"},"modified":"2026-04-23T15:02:28","modified_gmt":"2026-04-23T21:02:28","slug":"virginia-gonzalez-bernal","status":"publish","type":"page","link":"https:\/\/gritwood.mx\/en\/virginia-gonzalez-bernal\/","title":{"rendered":"Gritwood: Virginia Gonz\u00e1lez Bernal"},"content":{"rendered":"<div data-elementor-type=\"wp-page\" data-elementor-id=\"23337\" class=\"elementor elementor-23337\">\n\t\t\t\t\t\t<section class=\"elementor-section-with-custom-width elementor-section elementor-top-section elementor-element elementor-element-04633c4 elementor-section-boxed elementor-section-height-default elementor-section-height-default sc_fly_static\" data-id=\"04633c4\" data-element_type=\"section\" data-settings=\"{&quot;background_background&quot;:&quot;classic&quot;}\">\n\t\t\t\t\t\t<div class=\"elementor-container elementor-column-gap-extended\">\n\t\t\t\t\t<div class=\"elementor-column elementor-col-66 elementor-top-column elementor-element elementor-element-a6aaecd sc_inner_width_none sc_content_align_inherit sc_layouts_column_icons_position_left sc_fly_static\" data-id=\"a6aaecd\" data-element_type=\"column\">\n\t\t\t<div class=\"elementor-widget-wrap elementor-element-populated\">\n\t\t\t\t\t\t<div class=\"elementor-element elementor-element-051506b sc_fly_static elementor-widget elementor-widget-heading\" data-id=\"051506b\" data-element_type=\"widget\" data-widget_type=\"heading.default\">\n\t\t\t\t<div class=\"elementor-widget-container\">\n\t\t\t\t\t<h2 class=\"elementor-heading-title elementor-size-default\">Virginia Gonz\u00e1lez Bernal<\/h2>\t\t\t\t<\/div>\n\t\t\t\t<\/div>\n\t\t\t\t<div class=\"elementor-element elementor-element-1204873 sc_fly_static elementor-widget elementor-widget-spacer\" data-id=\"1204873\" data-element_type=\"widget\" data-widget_type=\"spacer.default\">\n\t\t\t\t<div class=\"elementor-widget-container\">\n\t\t\t\t\t\t\t<div class=\"elementor-spacer\">\n\t\t\t<div class=\"elementor-spacer-inner\"><\/div>\n\t\t<\/div>\n\t\t\t\t\t\t<\/div>\n\t\t\t\t<\/div>\n\t\t\t\t<div class=\"elementor-element elementor-element-e3a0bce sc_fly_static elementor-widget elementor-widget-text-editor\" data-id=\"e3a0bce\" data-element_type=\"widget\" data-widget_type=\"text-editor.default\">\n\t\t\t\t<div class=\"elementor-widget-container\">\n\t\t\t\t\t\t\t\t\t<p>ASSOCIATE<\/p>\t\t\t\t\t\t\t\t<\/div>\n\t\t\t\t<\/div>\n\t\t\t\t<div class=\"elementor-element elementor-element-388a7a2 sc_fly_static elementor-widget elementor-widget-text-editor\" data-id=\"388a7a2\" data-element_type=\"widget\" data-widget_type=\"text-editor.default\">\n\t\t\t\t<div class=\"elementor-widget-container\">\n\t\t\t\t\t\t\t\t\t<p class=\"p1\">virginia.gonzalez@gritwood.mx<\/p>\t\t\t\t\t\t\t\t<\/div>\n\t\t\t\t<\/div>\n\t\t\t\t<div class=\"elementor-element elementor-element-13d7a2f sc_fly_static elementor-widget elementor-widget-spacer\" data-id=\"13d7a2f\" data-element_type=\"widget\" data-widget_type=\"spacer.default\">\n\t\t\t\t<div class=\"elementor-widget-container\">\n\t\t\t\t\t\t\t<div class=\"elementor-spacer\">\n\t\t\t<div class=\"elementor-spacer-inner\"><\/div>\n\t\t<\/div>\n\t\t\t\t\t\t<\/div>\n\t\t\t\t<\/div>\n\t\t\t\t<div class=\"elementor-element elementor-element-a351c24 sc_fly_static elementor-widget elementor-widget-text-editor\" data-id=\"a351c24\" data-element_type=\"widget\" data-widget_type=\"text-editor.default\">\n\t\t\t\t<div class=\"elementor-widget-container\">\n\t\t\t\t\t\t\t\t\t<p class=\"p1\">Virginia holds a Law degree from the Universidad Nacional Aut\u00f3noma de M\u00e9xico (UNAM), where she also completed graduate-level coursework through the Specialization Program in Constitutional Law and Amparo Proceedings, as well as advanced courses in litigation. With a distinguished three-decade career in the Mexican public sector, she has built a robust track record in contentious matters, earning particular recognition for her expertise in state legal defense and the management of complex proceedings in civil, commercial, agrarian, and administrative law, as well as in the strategic direction of amparo and annulment proceedings.<\/p>\t\t\t\t\t\t\t\t<\/div>\n\t\t\t\t<\/div>\n\t\t\t\t\t<\/div>\n\t\t<\/div>\n\t\t\t\t<div class=\"elementor-column elementor-col-33 elementor-top-column elementor-element elementor-element-a14a752 sc_layouts_hide_on_tablet sc_layouts_hide_on_mobile sc_inner_width_none sc_content_align_inherit sc_layouts_column_icons_position_left sc_fly_static\" data-id=\"a14a752\" data-element_type=\"column\">\n\t\t\t<div class=\"elementor-widget-wrap elementor-element-populated\">\n\t\t\t\t\t\t<div class=\"elementor-element elementor-element-83be801 sc_layouts_hide_on_tablet sc_layouts_hide_on_mobile sc_fly_static elementor-widget elementor-widget-image\" data-id=\"83be801\" data-element_type=\"widget\" data-widget_type=\"image.default\">\n\t\t\t\t<div class=\"elementor-widget-container\">\n\t\t\t\t\t\t\t\t\t\t\t\t\t\t\t<img decoding=\"async\" width=\"150\" height=\"300\" src=\"https:\/\/gritwood.mx\/wp-content\/uploads\/2024\/06\/GW-monograma-blanco-lateral-thumb.png\" class=\"attachment-full size-full wp-image-22520\" alt=\"\" \/>\t\t\t\t\t\t\t\t\t\t\t\t\t\t\t<\/div>\n\t\t\t\t<\/div>\n\t\t\t\t\t<\/div>\n\t\t<\/div>\n\t\t\t\t\t<\/div>\n\t\t<\/section>\n\t\t\t\t<section class=\"elementor-section-with-custom-width elementor-section elementor-top-section elementor-element elementor-element-1db5f12 elementor-section-boxed elementor-section-height-default elementor-section-height-default sc_fly_static\" data-id=\"1db5f12\" data-element_type=\"section\" data-settings=\"{&quot;background_background&quot;:&quot;classic&quot;}\">\n\t\t\t\t\t\t<div class=\"elementor-container elementor-column-gap-extended\">\n\t\t\t\t\t<div class=\"elementor-column elementor-col-50 elementor-top-column elementor-element elementor-element-7a58bdd sc_inner_width_none sc_content_align_inherit sc_layouts_column_icons_position_left sc_fly_static\" data-id=\"7a58bdd\" data-element_type=\"column\">\n\t\t\t<div class=\"elementor-widget-wrap elementor-element-populated\">\n\t\t\t\t\t\t<div class=\"elementor-element elementor-element-f99d50d sc_fly_static elementor-widget elementor-widget-text-editor\" data-id=\"f99d50d\" data-element_type=\"widget\" data-widget_type=\"text-editor.default\">\n\t\t\t\t<div class=\"elementor-widget-container\">\n\t\t\t\t\t\t\t\t\t<p class=\"p1\">Her professional career is intrinsically linked to the Secretar\u00eda de Infraestructura, Comunicaciones y Transportes (SICT \u2013 Ministry of Infrastructure, Communications and Transport), where since 1995 she has held senior leadership positions. Within this agency, she has headed the units responsible for legal representation before tribunals, coordinating the defense in large-scale litigation and overseeing the legality of institutional acts. From January 2023 to October 2025, she served as Executive Director of Contentious Proceedings within the SICT\u2019s Legal Affairs Unit, where she held full legal representation of the Ministry across all jurisdictional proceedings, cementing her reputation as an expert in the protection of governmental interests.<\/p><p class=\"p1\">She also has extensive experience in decentralized agencies and strategic sectors. She served as Corporate Director of Legal Affairs and Postal Security at the Servicio Postal Mexicano (Mexican Postal Service) from 2019 to 2021, and previously, from 2004 to 2008, headed the Administrative Litigation Division at Ferrocarriles Nacionales de M\u00e9xico (National Railways of Mexico). Her broad legal versatility also led her to serve as Legal Director of the Fondo de Capitalizaci\u00f3n e Inversi\u00f3n del Sector Rural (FOCIR \u2013 Rural Sector Capitalization and Investment Fund), a public trust of the Secretar\u00eda de Hacienda y Cr\u00e9dito P\u00fablico (Ministry of Finance and Public Credit), where she oversaw the legal structures governing agricultural investment and the administration of high-impact social programs.<\/p><p class=\"p1\">In addition to her litigation specialization, she possesses strong competencies in the advisory and regulatory dimensions of law. As Division Director within the SICT\u2019s Executive Regulatory Directorate, she was responsible for issuing specialized legal opinions and advisory rulings in the transport and telecommunications sectors, ensuring the legal viability of regulatory projects of national scope. Her profile combines deep technical expertise with proven capacity for strategic decision-making in high-demand regulatory and administrative environments.<\/p>\t\t\t\t\t\t\t\t<\/div>\n\t\t\t\t<\/div>\n\t\t\t\t\t<\/div>\n\t\t<\/div>\n\t\t\t\t<div class=\"elementor-column elementor-col-50 elementor-top-column elementor-element elementor-element-1b3f0bd sc_inner_width_none sc_content_align_inherit sc_layouts_column_icons_position_left sc_fly_static\" data-id=\"1b3f0bd\" data-element_type=\"column\">\n\t\t\t<div class=\"elementor-widget-wrap\">\n\t\t\t\t\t\t\t<\/div>\n\t\t<\/div>\n\t\t\t\t\t<\/div>\n\t\t<\/section>\n\t\t\t\t<\/div>","protected":false},"excerpt":{"rendered":"<p>Virginia Gonz\u00e1lez Bernal ASOCIADA virginia.gonzalez@gritwood.mx Virginia es Licenciada en Derecho por la Universidad Nacional Aut\u00f3noma de M\u00e9xico, instituci\u00f3n donde tambi\u00e9n realiz\u00f3 estudios de especializaci\u00f3n mediante el Diplomado en Derecho Constitucional&hellip;<\/p>","protected":false},"author":1,"featured_media":0,"parent":0,"menu_order":0,"comment_status":"closed","ping_status":"closed","template":"","meta":{"footnotes":""},"class_list":["post-23337","page","type-page","status-publish","hentry"],"_links":{"self":[{"href":"https:\/\/gritwood.mx\/en\/wp-json\/wp\/v2\/pages\/23337","targetHints":{"allow":["GET"]}}],"collection":[{"href":"https:\/\/gritwood.mx\/en\/wp-json\/wp\/v2\/pages"}],"about":[{"href":"https:\/\/gritwood.mx\/en\/wp-json\/wp\/v2\/types\/page"}],"author":[{"embeddable":true,"href":"https:\/\/gritwood.mx\/en\/wp-json\/wp\/v2\/users\/1"}],"replies":[{"embeddable":true,"href":"https:\/\/gritwood.mx\/en\/wp-json\/wp\/v2\/comments?post=23337"}],"version-history":[{"count":4,"href":"https:\/\/gritwood.mx\/en\/wp-json\/wp\/v2\/pages\/23337\/revisions"}],"predecessor-version":[{"id":23341,"href":"https:\/\/gritwood.mx\/en\/wp-json\/wp\/v2\/pages\/23337\/revisions\/23341"}],"wp:attachment":[{"href":"https:\/\/gritwood.mx\/en\/wp-json\/wp\/v2\/media?parent=23337"}],"curies":[{"name":"wp","href":"https:\/\/api.w.org\/{rel}","templated":true}]}}