{"id":23342,"date":"2026-04-23T14:19:44","date_gmt":"2026-04-23T20:19:44","guid":{"rendered":"https:\/\/gritwood.mx\/?page_id=23342"},"modified":"2026-04-23T15:02:35","modified_gmt":"2026-04-23T21:02:35","slug":"yadira-montserrat-ramirez-lopez","status":"publish","type":"page","link":"https:\/\/gritwood.mx\/en\/yadira-montserrat-ramirez-lopez\/","title":{"rendered":"Gritwood: Yadira Montserrat Ram\u00edrez L\u00f3pez"},"content":{"rendered":"<div data-elementor-type=\"wp-page\" data-elementor-id=\"23342\" class=\"elementor elementor-23342\">\n\t\t\t\t\t\t<section class=\"elementor-section-with-custom-width elementor-section elementor-top-section elementor-element elementor-element-04633c4 elementor-section-boxed elementor-section-height-default elementor-section-height-default sc_fly_static\" data-id=\"04633c4\" data-element_type=\"section\" data-settings=\"{&quot;background_background&quot;:&quot;classic&quot;}\">\n\t\t\t\t\t\t<div class=\"elementor-container elementor-column-gap-extended\">\n\t\t\t\t\t<div class=\"elementor-column elementor-col-66 elementor-top-column elementor-element elementor-element-a6aaecd sc_inner_width_none sc_content_align_inherit sc_layouts_column_icons_position_left sc_fly_static\" data-id=\"a6aaecd\" data-element_type=\"column\">\n\t\t\t<div class=\"elementor-widget-wrap elementor-element-populated\">\n\t\t\t\t\t\t<div class=\"elementor-element elementor-element-051506b sc_fly_static elementor-widget elementor-widget-heading\" data-id=\"051506b\" data-element_type=\"widget\" data-widget_type=\"heading.default\">\n\t\t\t\t<div class=\"elementor-widget-container\">\n\t\t\t\t\t<h2 class=\"elementor-heading-title elementor-size-default\">Yadira Montserrat Ram\u00edrez L\u00f3pez\n<\/h2>\t\t\t\t<\/div>\n\t\t\t\t<\/div>\n\t\t\t\t<div class=\"elementor-element elementor-element-1204873 sc_fly_static elementor-widget elementor-widget-spacer\" data-id=\"1204873\" data-element_type=\"widget\" data-widget_type=\"spacer.default\">\n\t\t\t\t<div class=\"elementor-widget-container\">\n\t\t\t\t\t\t\t<div class=\"elementor-spacer\">\n\t\t\t<div class=\"elementor-spacer-inner\"><\/div>\n\t\t<\/div>\n\t\t\t\t\t\t<\/div>\n\t\t\t\t<\/div>\n\t\t\t\t<div class=\"elementor-element elementor-element-e3a0bce sc_fly_static elementor-widget elementor-widget-text-editor\" data-id=\"e3a0bce\" data-element_type=\"widget\" data-widget_type=\"text-editor.default\">\n\t\t\t\t<div class=\"elementor-widget-container\">\n\t\t\t\t\t\t\t\t\t<p>ASSOCIATE<\/p>\t\t\t\t\t\t\t\t<\/div>\n\t\t\t\t<\/div>\n\t\t\t\t<div class=\"elementor-element elementor-element-388a7a2 sc_fly_static elementor-widget elementor-widget-text-editor\" data-id=\"388a7a2\" data-element_type=\"widget\" data-widget_type=\"text-editor.default\">\n\t\t\t\t<div class=\"elementor-widget-container\">\n\t\t\t\t\t\t\t\t\t<p class=\"p1\">yadira.ramirez@gritwood.mx<\/p>\t\t\t\t\t\t\t\t<\/div>\n\t\t\t\t<\/div>\n\t\t\t\t<div class=\"elementor-element elementor-element-13d7a2f sc_fly_static elementor-widget elementor-widget-spacer\" data-id=\"13d7a2f\" data-element_type=\"widget\" data-widget_type=\"spacer.default\">\n\t\t\t\t<div class=\"elementor-widget-container\">\n\t\t\t\t\t\t\t<div class=\"elementor-spacer\">\n\t\t\t<div class=\"elementor-spacer-inner\"><\/div>\n\t\t<\/div>\n\t\t\t\t\t\t<\/div>\n\t\t\t\t<\/div>\n\t\t\t\t<div class=\"elementor-element elementor-element-a351c24 sc_fly_static elementor-widget elementor-widget-text-editor\" data-id=\"a351c24\" data-element_type=\"widget\" data-widget_type=\"text-editor.default\">\n\t\t\t\t<div class=\"elementor-widget-container\">\n\t\t\t\t\t\t\t\t\t<p class=\"p1\">Yadira is a licensed attorney, graduating with a Law degree from the Universidad de Le\u00f3n in 2005, with over 20 years of professional experience in both public and private sectors. Her practice focuses on civil and commercial litigation, administrative law, and alternative dispute resolution, with particular emphasis on judicial and extrajudicial debt recovery and the protection of her clients\u2019 assets.<\/p>\t\t\t\t\t\t\t\t<\/div>\n\t\t\t\t<\/div>\n\t\t\t\t\t<\/div>\n\t\t<\/div>\n\t\t\t\t<div class=\"elementor-column elementor-col-33 elementor-top-column elementor-element elementor-element-a14a752 sc_layouts_hide_on_tablet sc_layouts_hide_on_mobile sc_inner_width_none sc_content_align_inherit sc_layouts_column_icons_position_left sc_fly_static\" data-id=\"a14a752\" data-element_type=\"column\">\n\t\t\t<div class=\"elementor-widget-wrap elementor-element-populated\">\n\t\t\t\t\t\t<div class=\"elementor-element elementor-element-83be801 sc_layouts_hide_on_tablet sc_layouts_hide_on_mobile sc_fly_static elementor-widget elementor-widget-image\" data-id=\"83be801\" data-element_type=\"widget\" data-widget_type=\"image.default\">\n\t\t\t\t<div class=\"elementor-widget-container\">\n\t\t\t\t\t\t\t\t\t\t\t\t\t\t\t<img decoding=\"async\" width=\"150\" height=\"300\" src=\"https:\/\/gritwood.mx\/wp-content\/uploads\/2024\/06\/GW-monograma-blanco-lateral-thumb.png\" class=\"attachment-full size-full wp-image-22520\" alt=\"\" \/>\t\t\t\t\t\t\t\t\t\t\t\t\t\t\t<\/div>\n\t\t\t\t<\/div>\n\t\t\t\t\t<\/div>\n\t\t<\/div>\n\t\t\t\t\t<\/div>\n\t\t<\/section>\n\t\t\t\t<section class=\"elementor-section-with-custom-width elementor-section elementor-top-section elementor-element elementor-element-1db5f12 elementor-section-boxed elementor-section-height-default elementor-section-height-default sc_fly_static\" data-id=\"1db5f12\" data-element_type=\"section\" data-settings=\"{&quot;background_background&quot;:&quot;classic&quot;}\">\n\t\t\t\t\t\t<div class=\"elementor-container elementor-column-gap-extended\">\n\t\t\t\t\t<div class=\"elementor-column elementor-col-50 elementor-top-column elementor-element elementor-element-7a58bdd sc_inner_width_none sc_content_align_inherit sc_layouts_column_icons_position_left sc_fly_static\" data-id=\"7a58bdd\" data-element_type=\"column\">\n\t\t\t<div class=\"elementor-widget-wrap elementor-element-populated\">\n\t\t\t\t\t\t<div class=\"elementor-element elementor-element-f99d50d sc_fly_static elementor-widget elementor-widget-text-editor\" data-id=\"f99d50d\" data-element_type=\"widget\" data-widget_type=\"text-editor.default\">\n\t\t\t\t<div class=\"elementor-widget-container\">\n\t\t\t\t\t\t\t\t\t<p class=\"p1\">Throughout her career, she has developed a comprehensive approach to legal dispute management, handling matters from the preventive stage through to final resolution, consistently prioritizing negotiation and alternative methods whenever they best serve the client\u2019s interests.<\/p><p class=\"p1\">Her public sector experience includes coordination and analytical review functions at the Registro P\u00fablico de la Propiedad y del Comercio (Public Registry of Property and Commerce), where she led work teams and supervised the registration of legal instruments. This background affords her a specialized perspective on property registration matters and a unique capacity to anticipate risks in real estate and corporate transactions.<\/p><p class=\"p1\">In the private sector, she has advised companies and individuals on the incorporation and regularization of business entities, the drafting, review, and negotiation of corporate, commercial, and government contracts, and legal planning oriented toward asset protection.<\/p><p class=\"p1\">Her approach combines technical rigor, thorough analysis, and personalized attention, enabling her to understand each client\u2019s specific needs and deliver clear, practical, results-oriented legal solutions.<\/p>\t\t\t\t\t\t\t\t<\/div>\n\t\t\t\t<\/div>\n\t\t\t\t\t<\/div>\n\t\t<\/div>\n\t\t\t\t<div class=\"elementor-column elementor-col-50 elementor-top-column elementor-element elementor-element-1b3f0bd sc_inner_width_none sc_content_align_inherit sc_layouts_column_icons_position_left sc_fly_static\" data-id=\"1b3f0bd\" data-element_type=\"column\">\n\t\t\t<div class=\"elementor-widget-wrap\">\n\t\t\t\t\t\t\t<\/div>\n\t\t<\/div>\n\t\t\t\t\t<\/div>\n\t\t<\/section>\n\t\t\t\t<\/div>","protected":false},"excerpt":{"rendered":"<p>Yadira Montserrat Ram\u00edrez L\u00f3pez ASOCIADA yadira.ramirez@gritwood.mx Yadira es abogada egresada de la Licenciatura en Derecho por la Universidad de Le\u00f3n en 2005, con m\u00e1s de 20 a\u00f1os de experiencia en&hellip;<\/p>","protected":false},"author":1,"featured_media":0,"parent":0,"menu_order":0,"comment_status":"closed","ping_status":"closed","template":"","meta":{"footnotes":""},"class_list":["post-23342","page","type-page","status-publish","hentry"],"_links":{"self":[{"href":"https:\/\/gritwood.mx\/en\/wp-json\/wp\/v2\/pages\/23342","targetHints":{"allow":["GET"]}}],"collection":[{"href":"https:\/\/gritwood.mx\/en\/wp-json\/wp\/v2\/pages"}],"about":[{"href":"https:\/\/gritwood.mx\/en\/wp-json\/wp\/v2\/types\/page"}],"author":[{"embeddable":true,"href":"https:\/\/gritwood.mx\/en\/wp-json\/wp\/v2\/users\/1"}],"replies":[{"embeddable":true,"href":"https:\/\/gritwood.mx\/en\/wp-json\/wp\/v2\/comments?post=23342"}],"version-history":[{"count":4,"href":"https:\/\/gritwood.mx\/en\/wp-json\/wp\/v2\/pages\/23342\/revisions"}],"predecessor-version":[{"id":23346,"href":"https:\/\/gritwood.mx\/en\/wp-json\/wp\/v2\/pages\/23342\/revisions\/23346"}],"wp:attachment":[{"href":"https:\/\/gritwood.mx\/en\/wp-json\/wp\/v2\/media?parent=23342"}],"curies":[{"name":"wp","href":"https:\/\/api.w.org\/{rel}","templated":true}]}}