{"id":23347,"date":"2026-04-23T14:22:34","date_gmt":"2026-04-23T20:22:34","guid":{"rendered":"https:\/\/gritwood.mx\/?page_id=23347"},"modified":"2026-04-23T15:03:26","modified_gmt":"2026-04-23T21:03:26","slug":"jose-manuel-rodriguez-salinas","status":"publish","type":"page","link":"https:\/\/gritwood.mx\/en\/jose-manuel-rodriguez-salinas\/","title":{"rendered":"Gritwood: Jos\u00e9 Manuel Rodr\u00edguez Salinas"},"content":{"rendered":"<div data-elementor-type=\"wp-page\" data-elementor-id=\"23347\" class=\"elementor elementor-23347\">\n\t\t\t\t\t\t<section class=\"elementor-section-with-custom-width elementor-section elementor-top-section elementor-element elementor-element-04633c4 elementor-section-boxed elementor-section-height-default elementor-section-height-default sc_fly_static\" data-id=\"04633c4\" data-element_type=\"section\" data-settings=\"{&quot;background_background&quot;:&quot;classic&quot;}\">\n\t\t\t\t\t\t<div class=\"elementor-container elementor-column-gap-extended\">\n\t\t\t\t\t<div class=\"elementor-column elementor-col-66 elementor-top-column elementor-element elementor-element-a6aaecd sc_inner_width_none sc_content_align_inherit sc_layouts_column_icons_position_left sc_fly_static\" data-id=\"a6aaecd\" data-element_type=\"column\">\n\t\t\t<div class=\"elementor-widget-wrap elementor-element-populated\">\n\t\t\t\t\t\t<div class=\"elementor-element elementor-element-051506b sc_fly_static elementor-widget elementor-widget-heading\" data-id=\"051506b\" data-element_type=\"widget\" data-widget_type=\"heading.default\">\n\t\t\t\t<div class=\"elementor-widget-container\">\n\t\t\t\t\t<h2 class=\"elementor-heading-title elementor-size-default\">Jos\u00e9 Manuel Rodr\u00edguez Salinas\n<\/h2>\t\t\t\t<\/div>\n\t\t\t\t<\/div>\n\t\t\t\t<div class=\"elementor-element elementor-element-1204873 sc_fly_static elementor-widget elementor-widget-spacer\" data-id=\"1204873\" data-element_type=\"widget\" data-widget_type=\"spacer.default\">\n\t\t\t\t<div class=\"elementor-widget-container\">\n\t\t\t\t\t\t\t<div class=\"elementor-spacer\">\n\t\t\t<div class=\"elementor-spacer-inner\"><\/div>\n\t\t<\/div>\n\t\t\t\t\t\t<\/div>\n\t\t\t\t<\/div>\n\t\t\t\t<div class=\"elementor-element elementor-element-e3a0bce sc_fly_static elementor-widget elementor-widget-text-editor\" data-id=\"e3a0bce\" data-element_type=\"widget\" data-widget_type=\"text-editor.default\">\n\t\t\t\t<div class=\"elementor-widget-container\">\n\t\t\t\t\t\t\t\t\t<p>ASSOCIATE<\/p>\t\t\t\t\t\t\t\t<\/div>\n\t\t\t\t<\/div>\n\t\t\t\t<div class=\"elementor-element elementor-element-388a7a2 sc_fly_static elementor-widget elementor-widget-text-editor\" data-id=\"388a7a2\" data-element_type=\"widget\" data-widget_type=\"text-editor.default\">\n\t\t\t\t<div class=\"elementor-widget-container\">\n\t\t\t\t\t\t\t\t\t<p class=\"p1\">jose.rodriguez@gritwood.mx<\/p>\t\t\t\t\t\t\t\t<\/div>\n\t\t\t\t<\/div>\n\t\t\t\t<div class=\"elementor-element elementor-element-13d7a2f sc_fly_static elementor-widget elementor-widget-spacer\" data-id=\"13d7a2f\" data-element_type=\"widget\" data-widget_type=\"spacer.default\">\n\t\t\t\t<div class=\"elementor-widget-container\">\n\t\t\t\t\t\t\t<div class=\"elementor-spacer\">\n\t\t\t<div class=\"elementor-spacer-inner\"><\/div>\n\t\t<\/div>\n\t\t\t\t\t\t<\/div>\n\t\t\t\t<\/div>\n\t\t\t\t<div class=\"elementor-element elementor-element-a351c24 sc_fly_static elementor-widget elementor-widget-text-editor\" data-id=\"a351c24\" data-element_type=\"widget\" data-widget_type=\"text-editor.default\">\n\t\t\t\t<div class=\"elementor-widget-container\">\n\t\t\t\t\t\t\t\t\t<p class=\"p1\">Jos\u00e9 Manuel holds a Law degree and a degree in International Relations, graduating with honors from the Instituto Tecnol\u00f3gico y de Estudios Superiores de Monterrey (ITESM) in 2025. He has experience in dispute resolution, including commercial and investment arbitration, administrative litigation, insolvency proceedings (concursos mercantiles), antitrust, and financial law.<\/p>\t\t\t\t\t\t\t\t<\/div>\n\t\t\t\t<\/div>\n\t\t\t\t\t<\/div>\n\t\t<\/div>\n\t\t\t\t<div class=\"elementor-column elementor-col-33 elementor-top-column elementor-element elementor-element-a14a752 sc_layouts_hide_on_tablet sc_layouts_hide_on_mobile sc_inner_width_none sc_content_align_inherit sc_layouts_column_icons_position_left sc_fly_static\" data-id=\"a14a752\" data-element_type=\"column\">\n\t\t\t<div class=\"elementor-widget-wrap elementor-element-populated\">\n\t\t\t\t\t\t<div class=\"elementor-element elementor-element-83be801 sc_layouts_hide_on_tablet sc_layouts_hide_on_mobile sc_fly_static elementor-widget elementor-widget-image\" data-id=\"83be801\" data-element_type=\"widget\" data-widget_type=\"image.default\">\n\t\t\t\t<div class=\"elementor-widget-container\">\n\t\t\t\t\t\t\t\t\t\t\t\t\t\t\t<img decoding=\"async\" width=\"150\" height=\"300\" src=\"https:\/\/gritwood.mx\/wp-content\/uploads\/2024\/06\/GW-monograma-blanco-lateral-thumb.png\" class=\"attachment-full size-full wp-image-22520\" alt=\"\" \/>\t\t\t\t\t\t\t\t\t\t\t\t\t\t\t<\/div>\n\t\t\t\t<\/div>\n\t\t\t\t\t<\/div>\n\t\t<\/div>\n\t\t\t\t\t<\/div>\n\t\t<\/section>\n\t\t\t\t<section class=\"elementor-section-with-custom-width elementor-section elementor-top-section elementor-element elementor-element-1db5f12 elementor-section-boxed elementor-section-height-default elementor-section-height-default sc_fly_static\" data-id=\"1db5f12\" data-element_type=\"section\" data-settings=\"{&quot;background_background&quot;:&quot;classic&quot;}\">\n\t\t\t\t\t\t<div class=\"elementor-container elementor-column-gap-extended\">\n\t\t\t\t\t<div class=\"elementor-column elementor-col-50 elementor-top-column elementor-element elementor-element-7a58bdd sc_inner_width_none sc_content_align_inherit sc_layouts_column_icons_position_left sc_fly_static\" data-id=\"7a58bdd\" data-element_type=\"column\">\n\t\t\t<div class=\"elementor-widget-wrap elementor-element-populated\">\n\t\t\t\t\t\t<div class=\"elementor-element elementor-element-f99d50d sc_fly_static elementor-widget elementor-widget-text-editor\" data-id=\"f99d50d\" data-element_type=\"widget\" data-widget_type=\"text-editor.default\">\n\t\t\t\t<div class=\"elementor-widget-container\">\n\t\t\t\t\t\t\t\t\t<p class=\"p1\">Throughout his professional career, prior to joining Gritwood, Jos\u00e9 Manuel was part of one of Mexico\u2019s most prestigious law firms, where he participated in ICSID arbitrations against the Mexican State arising from investment disputes in the mining sector, as well as in commercial arbitrations before institutions such as the ICC and the ICDR. He has likewise participated in various administrative litigation proceedings through the filing of administrative review appeals, annulment actions, and amparo proceedings, as well as in the legal analyses of Preliminary Administrative Liability Reports (Informes de Presunta Responsabilidad Administrativa) issued by the Auditor\u00eda Superior de la Federaci\u00f3n (Superior Audit Office \u2013 Mexico\u2019s Supreme Audit Institution).<\/p><p class=\"p1\">He also has experience in antitrust law, having participated in the proceedings to respond to preliminary opinions and merger notifications, as well as in financial law through securities issuance authorization processes before the Comisi\u00f3n Nacional Bancaria y de Valores (CNBV \u2013 National Banking and Securities Commission).<\/p><p class=\"p1\">His dual background in law and international relations, combined with early exposure to high-complexity disputes before domestic and international forums, gives him a strategic and multidisciplinary perspective that enriches both legal analysis and the development of arguments in contexts where public and private law, international trade, and economic regulation converge.<\/p>\t\t\t\t\t\t\t\t<\/div>\n\t\t\t\t<\/div>\n\t\t\t\t\t<\/div>\n\t\t<\/div>\n\t\t\t\t<div class=\"elementor-column elementor-col-50 elementor-top-column elementor-element elementor-element-1b3f0bd sc_inner_width_none sc_content_align_inherit sc_layouts_column_icons_position_left sc_fly_static\" data-id=\"1b3f0bd\" data-element_type=\"column\">\n\t\t\t<div class=\"elementor-widget-wrap\">\n\t\t\t\t\t\t\t<\/div>\n\t\t<\/div>\n\t\t\t\t\t<\/div>\n\t\t<\/section>\n\t\t\t\t<\/div>","protected":false},"excerpt":{"rendered":"<p>Jos\u00e9 Manuel Rodr\u00edguez Salinas ASOCIADO jose.rodriguez@gritwood.mx Jos\u00e9 Manuel es Licenciado en Derecho y Licenciado en Relaciones Internacionales, graduado con honores por el Instituto Tecnol\u00f3gico y de Estudios Superiores de Monterrey&hellip;<\/p>","protected":false},"author":1,"featured_media":0,"parent":0,"menu_order":0,"comment_status":"closed","ping_status":"closed","template":"","meta":{"footnotes":""},"class_list":["post-23347","page","type-page","status-publish","hentry"],"_links":{"self":[{"href":"https:\/\/gritwood.mx\/en\/wp-json\/wp\/v2\/pages\/23347","targetHints":{"allow":["GET"]}}],"collection":[{"href":"https:\/\/gritwood.mx\/en\/wp-json\/wp\/v2\/pages"}],"about":[{"href":"https:\/\/gritwood.mx\/en\/wp-json\/wp\/v2\/types\/page"}],"author":[{"embeddable":true,"href":"https:\/\/gritwood.mx\/en\/wp-json\/wp\/v2\/users\/1"}],"replies":[{"embeddable":true,"href":"https:\/\/gritwood.mx\/en\/wp-json\/wp\/v2\/comments?post=23347"}],"version-history":[{"count":4,"href":"https:\/\/gritwood.mx\/en\/wp-json\/wp\/v2\/pages\/23347\/revisions"}],"predecessor-version":[{"id":23351,"href":"https:\/\/gritwood.mx\/en\/wp-json\/wp\/v2\/pages\/23347\/revisions\/23351"}],"wp:attachment":[{"href":"https:\/\/gritwood.mx\/en\/wp-json\/wp\/v2\/media?parent=23347"}],"curies":[{"name":"wp","href":"https:\/\/api.w.org\/{rel}","templated":true}]}}